{"id":9055,"date":"2025-10-05T00:52:39","date_gmt":"2025-10-04T22:52:39","guid":{"rendered":"https:\/\/sunandgolfproperties.com\/investir-en-espagne\/"},"modified":"2025-10-05T00:52:47","modified_gmt":"2025-10-04T22:52:47","slug":"investir-en-espagne","status":"publish","type":"page","link":"https:\/\/sunandgolfproperties.com\/fr\/investir-en-espagne\/","title":{"rendered":"Investir en Espagne"},"content":{"rendered":"<p>[et_pb_section fb_built=\u00a0\u00bb1&Prime; admin_label=\u00a0\u00bbsection\u00a0\u00bb _builder_version=\u00a0\u00bb4.27.4&Prime; background_color=\u00a0\u00bb#970374&Prime; background_enable_image=\u00a0\u00bboff\u00a0\u00bb locked=\u00a0\u00bboff\u00a0\u00bb global_colors_info=\u00a0\u00bb{}\u00a0\u00bb][et_pb_row admin_label=\u00a0\u00bbrang\u00e9e\u00a0\u00bb _builder_version=\u00a0\u00bb4.16&Prime; background_size=\u00a0\u00bbinitial\u00a0\u00bb background_position=\u00a0\u00bbtop_left\u00a0\u00bb background_repeat=\u00a0\u00bbrepeat\u00a0\u00bb global_colors_info=\u00a0\u00bb{}\u00a0\u00bb][et_pb_column type=\u00a0\u00bb4_4&Prime; _builder_version=\u00a0\u00bb4.16&Prime; custom_padding=\u00a0\u00bb|||\u00a0\u00bb global_colors_info=\u00a0\u00bb{}\u00a0\u00bb custom_padding__hover=\u00a0\u00bb|||\u00a0\u00bb][et_pb_text _builder_version=\u00a0\u00bb4.27.4&Prime; _module_preset=\u00a0\u00bbdefault\u00a0\u00bb text_text_color=\u00a0\u00bb#FFFFFF\u00a0\u00bb text_orientation=\u00a0\u00bbcenter\u00a0\u00bb background_layout=\u00a0\u00bbdark\u00a0\u00bb global_colors_info=\u00a0\u00bb{}\u00a0\u00bb]<\/p>\n<h1 style=\"text-align: left;\">Investir en Espagne en 2025<\/h1>\n<p style=\"text-align: left;\">Stabilit\u00e9, rentabilit\u00e9 et rayonnement international : l&rsquo;Espagne reste l&rsquo;une des destinations favorites pour investir dans le logement.<\/p>\n<p>[\/et_pb_text][\/et_pb_column][\/et_pb_row][\/et_pb_section][et_pb_section fb_built=\u00a0\u00bb1&Prime; _builder_version=\u00a0\u00bb4.16&Prime; global_colors_info=\u00a0\u00bb{}\u00a0\u00bb custom_margin=\u00a0\u00bb2%||0px||false|false\u00a0\u00bb][et_pb_row _builder_version=\u00a0\u00bb4.16&Prime; global_colors_info=\u00a0\u00bb{}\u00a0\u00bb][et_pb_column type=\u00a0\u00bb4_4&Prime; _builder_version=\u00a0\u00bb4.16&Prime; custom_padding=\u00a0\u00bb|||\u00a0\u00bb global_colors_info=\u00a0\u00bb{}\u00a0\u00bb custom_padding__hover=\u00a0\u00bb|||\u00a0\u00bb][et_pb_text admin_label=\u00a0\u00bbText\u00a0\u00bb _builder_version=\u00a0\u00bb4.16&Prime; global_colors_info=\u00a0\u00bb{}\u00a0\u00bb]<\/p>\n<div class=\"elementBorder BoxStyle\">\n<div class=\"elementContainer ContainerStyle\">\n<div class=\"ViewportRealm break_320 break_480 break_768 break_992 break_1200\">\n<p>Investir dans des actifs immobiliers en Espagne n&rsquo;est pas seulement une bonne strat\u00e9gie : en 2025, elle r\u00e9unit de multiples avantages qui la positionnent comme l&rsquo;une des alternatives les plus int\u00e9ressantes en Europe.<\/p>\n<p><strong>Croissance pr\u00e9vue et solidit\u00e9 du march\u00e9 :<\/strong> selon CBRE, les investissements immobiliers en Espagne ont augment\u00e9 de 20 % en 2024 et devraient maintenir une croissance comprise entre 10 % et 15 % en 2025.  <\/p>\n<p><strong>P\u00e9nurie d&rsquo;offre face \u00e0 une forte demande :<\/strong> le march\u00e9 se retrouve avec une offre limit\u00e9e face \u00e0 une demande persistante, ce qui maintient une pression \u00e0 la hausse sur les prix. CaixaBank pr\u00e9voit une croissance nominale de 4 % des prix de l&rsquo;immobilier en 2025.   <\/p>\n<p><strong>Rendements int\u00e9ressants et stabilit\u00e9 financi\u00e8re :<\/strong> les investisseurs trouvent des rendements attrayants dans les loyers r\u00e9sidentiels ; en outre, les conditions hypoth\u00e9caires sont favorables gr\u00e2ce \u00e0 une politique de taux plus mod\u00e9r\u00e9e.<\/p>\n<p><strong>March\u00e9 international et luxe en plein essor :<\/strong> le segment de l&rsquo;immobilier haut de gamme et du r\u00e9sidentiel de luxe reste un pari solide. L&rsquo;Espagne devrait consolider sa position de leader dans ce domaine d&rsquo;ici 2025, attirant ainsi les investisseurs internationaux. <\/p>\n<p>Dans ce contexte, investir dans l&rsquo;immobilier espagnol en 2025, c&rsquo;est non seulement s\u00e9curiser un actif \u00e0 potentiel, mais aussi diversifier votre portefeuille avec des garanties tangibles, de la stabilit\u00e9 et une appr\u00e9ciation future du capital.<\/p>\n<\/div>\n<\/div>\n<\/div>\n<p>[\/et_pb_text][\/et_pb_column][\/et_pb_row][et_pb_row _builder_version=\u00a0\u00bb4.16&Prime; global_colors_info=\u00a0\u00bb{}\u00a0\u00bb column_structure=\u00a0\u00bb1_2,1_2&Prime;][et_pb_column type=\u00a0\u00bb1_2&Prime; _builder_version=\u00a0\u00bb4.16&Prime; custom_padding=\u00a0\u00bb|||\u00a0\u00bb global_colors_info=\u00a0\u00bb{}\u00a0\u00bb custom_padding__hover=\u00a0\u00bb|||\u00a0\u00bb][et_pb_image src=\u00a0\u00bbhttps:\/\/sunandgolfproperties.com\/wp-content\/uploads\/2019\/06\/urbanizacion.jpg\u00a0\u00bb align_tablet=\u00a0\u00bbcenter\u00a0\u00bb align_last_edited=\u00a0\u00bbon|desktop\u00a0\u00bb _builder_version=\u00a0\u00bb4.16&Prime; animation_style=\u00a0\u00bbfade\u00a0\u00bb global_colors_info=\u00a0\u00bb{}\u00a0\u00bb align_phone=\u00a0\u00bbcenter\u00a0\u00bb][\/et_pb_image][\/et_pb_column][et_pb_column type=\u00a0\u00bb1_2&Prime; _builder_version=\u00a0\u00bb4.16&Prime; custom_padding=\u00a0\u00bb|||\u00a0\u00bb global_colors_info=\u00a0\u00bb{}\u00a0\u00bb custom_padding__hover=\u00a0\u00bb|||\u00a0\u00bb][et_pb_image src=\u00a0\u00bbhttps:\/\/sunandgolfproperties.com\/wp-content\/uploads\/2019\/06\/villa-de-lujo.jpg\u00a0\u00bb align_tablet=\u00a0\u00bbcenter\u00a0\u00bb align_last_edited=\u00a0\u00bbon|desktop\u00a0\u00bb _builder_version=\u00a0\u00bb4.16&Prime; animation_style=\u00a0\u00bbfade\u00a0\u00bb global_colors_info=\u00a0\u00bb{}\u00a0\u00bb align_phone=\u00a0\u00bbcenter\u00a0\u00bb][\/et_pb_image][\/et_pb_column][\/et_pb_row][\/et_pb_section]<\/p>\n","protected":false},"excerpt":{"rendered":"<p>Investir en Espagne en 2025 Stabilit\u00e9, rentabilit\u00e9 et rayonnement international : l&rsquo;Espagne reste l&rsquo;une des destinations favorites pour investir dans le logement. Investir dans des actifs immobiliers en Espagne n&rsquo;est pas seulement une bonne strat\u00e9gie : en 2025, elle r\u00e9unit de multiples avantages qui la positionnent comme l&rsquo;une des alternatives les plus int\u00e9ressantes en Europe. [&hellip;]<\/p>\n","protected":false},"author":1,"featured_media":0,"parent":0,"menu_order":0,"comment_status":"closed","ping_status":"closed","template":"","meta":{"_et_pb_use_builder":"on","_et_pb_old_content":"","_et_gb_content_width":"","footnotes":""},"class_list":["post-9055","page","type-page","status-publish","hentry"],"_links":{"self":[{"href":"https:\/\/sunandgolfproperties.com\/fr\/wp-json\/wp\/v2\/pages\/9055","targetHints":{"allow":["GET"]}}],"collection":[{"href":"https:\/\/sunandgolfproperties.com\/fr\/wp-json\/wp\/v2\/pages"}],"about":[{"href":"https:\/\/sunandgolfproperties.com\/fr\/wp-json\/wp\/v2\/types\/page"}],"author":[{"embeddable":true,"href":"https:\/\/sunandgolfproperties.com\/fr\/wp-json\/wp\/v2\/users\/1"}],"replies":[{"embeddable":true,"href":"https:\/\/sunandgolfproperties.com\/fr\/wp-json\/wp\/v2\/comments?post=9055"}],"version-history":[{"count":8,"href":"https:\/\/sunandgolfproperties.com\/fr\/wp-json\/wp\/v2\/pages\/9055\/revisions"}],"predecessor-version":[{"id":9072,"href":"https:\/\/sunandgolfproperties.com\/fr\/wp-json\/wp\/v2\/pages\/9055\/revisions\/9072"}],"wp:attachment":[{"href":"https:\/\/sunandgolfproperties.com\/fr\/wp-json\/wp\/v2\/media?parent=9055"}],"curies":[{"name":"wp","href":"https:\/\/api.w.org\/{rel}","templated":true}]}}