{"id":6625,"date":"2019-11-01T15:37:32","date_gmt":"2019-11-01T15:37:32","guid":{"rendered":"https:\/\/sunandgolfproperties.com\/the-ultimate-guide-to-buying-a-property-in-spain-e-book-download\/"},"modified":"2019-11-01T16:11:32","modified_gmt":"2019-11-01T16:11:32","slug":"guide-ultime-pour-acheter-une-maison-en-espagne-e-book-telecharger","status":"publish","type":"page","link":"https:\/\/sunandgolfproperties.com\/fr\/guide-ultime-pour-acheter-une-maison-en-espagne-e-book-telecharger\/","title":{"rendered":"Guide ultime pour acheter une maison en Espagne &#8211; E-Book T\u00e9l\u00e9charger"},"content":{"rendered":"<p>[et_pb_section fb_built=\u00a0\u00bb1&Prime; fullwidth=\u00a0\u00bbon\u00a0\u00bb admin_label=\u00a0\u00bbPage Header\u00a0\u00bb _builder_version=\u00a0\u00bb3.22.7&Prime; background_image=\u00a0\u00bbhttps:\/\/sunandgolfproperties.com\/wp-content\/uploads\/2019\/05\/golf.jpg\u00a0\u00bb parallax=\u00a0\u00bbon\u00a0\u00bb animation_direction=\u00a0\u00bbtop\u00a0\u00bb][et_pb_fullwidth_header title=\u00a0\u00bbGUIDE ULTIME POUR ACHETER UNE MAISON EN ESPAGNE\u00a0\u00bb subhead=\u00a0\u00bb  TELECHARGEMENT GRATUIT DE E-BOOK\u00a0\u00bb text_orientation=\u00a0\u00bbcenter\u00a0\u00bb scroll_down_icon_size=\u00a0\u00bb48px\u00a0\u00bb admin_label=\u00a0\u00bbHero Section\u00a0\u00bb _builder_version=\u00a0\u00bb3.22.7&Prime; title_level=\u00a0\u00bbh2&Prime; title_font=\u00a0\u00bbMontserrat|600|||||||\u00a0\u00bb title_font_size=\u00a0\u00bb40px\u00a0\u00bb title_font_size_phone=\u00a0\u00bb40px\u00a0\u00bb title_font_size_last_edited=\u00a0\u00bbon|phone\u00a0\u00bb title_line_height=\u00a0\u00bb1.4em\u00a0\u00bb content_font_size=\u00a0\u00bb22px\u00a0\u00bb content_line_height=\u00a0\u00bb1.8em\u00a0\u00bb subhead_font=\u00a0\u00bb||||||||\u00a0\u00bb subhead_text_align=\u00a0\u00bbcenter\u00a0\u00bb subhead_text_color=\u00a0\u00bb#ffffff\u00a0\u00bb subhead_font_size=\u00a0\u00bb24px\u00a0\u00bb background_color=\u00a0\u00bbrgba(255,255,255,0)\u00a0\u00bb custom_button_two=\u00a0\u00bbon\u00a0\u00bb button_two_text_size=\u00a0\u00bb16px\u00a0\u00bb button_two_border_width=\u00a0\u00bb2px\u00a0\u00bb button_two_border_color=\u00a0\u00bb#ffffff\u00a0\u00bb button_two_border_radius=\u00a0\u00bb0&Prime; button_two_letter_spacing=\u00a0\u00bb2&Prime; button_two_font=\u00a0\u00bbMontserrat|||on|\u00a0\u00bb button_two_use_icon=\u00a0\u00bboff\u00a0\u00bb custom_button_one=\u00a0\u00bbon\u00a0\u00bb button_one_text_size=\u00a0\u00bb16px\u00a0\u00bb button_one_bg_color=\u00a0\u00bb#6eba01&Prime; button_one_border_width=\u00a0\u00bb2px\u00a0\u00bb button_one_border_color=\u00a0\u00bb#6eba01&Prime; button_one_border_radius=\u00a0\u00bb0&Prime; button_one_letter_spacing=\u00a0\u00bb2&Prime; button_one_font=\u00a0\u00bbMontserrat|||on|\u00a0\u00bb button_one_use_icon=\u00a0\u00bboff\u00a0\u00bb module_alignment=\u00a0\u00bbleft\u00a0\u00bb animation_style=\u00a0\u00bbfade\u00a0\u00bb button_one_text_color_hover=\u00a0\u00bb#6eba01&Prime; button_two_text_color_hover=\u00a0\u00bb#6eba01&Prime; button_one_border_color_hover=\u00a0\u00bb#ffffff\u00a0\u00bb button_two_border_color_hover=\u00a0\u00bb#ffffff\u00a0\u00bb button_one_border_radius_hover=\u00a0\u00bb0&Prime; button_two_border_radius_hover=\u00a0\u00bb0&Prime; button_one_letter_spacing_hover=\u00a0\u00bb2&Prime; button_two_letter_spacing_hover=\u00a0\u00bb2&Prime; button_one_bg_color_hover=\u00a0\u00bb#ffffff\u00a0\u00bb button_two_bg_color_hover=\u00a0\u00bb#ffffff\u00a0\u00bb button_one_text_size__hover_enabled=\u00a0\u00bboff\u00a0\u00bb button_two_text_size__hover_enabled=\u00a0\u00bboff\u00a0\u00bb button_one_text_color__hover_enabled=\u00a0\u00bbon\u00a0\u00bb button_one_text_color__hover=\u00a0\u00bb#6eba01&Prime; button_two_text_color__hover_enabled=\u00a0\u00bbon\u00a0\u00bb button_two_text_color__hover=\u00a0\u00bb#6eba01&Prime; button_one_border_width__hover_enabled=\u00a0\u00bboff\u00a0\u00bb button_two_border_width__hover_enabled=\u00a0\u00bboff\u00a0\u00bb button_one_border_color__hover_enabled=\u00a0\u00bbon\u00a0\u00bb button_one_border_color__hover=\u00a0\u00bb#ffffff\u00a0\u00bb button_two_border_color__hover_enabled=\u00a0\u00bbon\u00a0\u00bb button_two_border_color__hover=\u00a0\u00bb#ffffff\u00a0\u00bb button_one_border_radius__hover_enabled=\u00a0\u00bbon\u00a0\u00bb button_one_border_radius__hover=\u00a0\u00bb0&Prime; button_two_border_radius__hover_enabled=\u00a0\u00bbon\u00a0\u00bb button_two_border_radius__hover=\u00a0\u00bb0&Prime; button_one_letter_spacing__hover_enabled=\u00a0\u00bbon\u00a0\u00bb button_one_letter_spacing__hover=\u00a0\u00bb2&Prime; button_two_letter_spacing__hover_enabled=\u00a0\u00bbon\u00a0\u00bb button_two_letter_spacing__hover=\u00a0\u00bb2&Prime; button_one_bg_color__hover_enabled=\u00a0\u00bbon\u00a0\u00bb button_one_bg_color__hover=\u00a0\u00bb#ffffff\u00a0\u00bb button_two_bg_color__hover_enabled=\u00a0\u00bbon\u00a0\u00bb button_two_bg_color__hover=\u00a0\u00bb#ffffff\u00a0\u00bb][\/et_pb_fullwidth_header][\/et_pb_section][et_pb_section fb_built=\u00a0\u00bb1&Prime; admin_label=\u00a0\u00bbContact Info\u00a0\u00bb _builder_version=\u00a0\u00bb3.22.3&Prime; custom_padding=\u00a0\u00bb90px||90px|\u00a0\u00bb locked=\u00a0\u00bboff\u00a0\u00bb][et_pb_row custom_padding=\u00a0\u00bb80px|||\u00a0\u00bb background_position_1=\u00a0\u00bbtop_left\u00a0\u00bb background_position_2=\u00a0\u00bbtop_left\u00a0\u00bb background_position_3=\u00a0\u00bbtop_left\u00a0\u00bb background_repeat_1=\u00a0\u00bbno-repeat\u00a0\u00bb background_repeat_2=\u00a0\u00bbno-repeat\u00a0\u00bb background_repeat_3=\u00a0\u00bbno-repeat\u00a0\u00bb _builder_version=\u00a0\u00bb3.22.3&Prime; background_size=\u00a0\u00bbinitial\u00a0\u00bb background_position=\u00a0\u00bbtop_left\u00a0\u00bb background_repeat=\u00a0\u00bbrepeat\u00a0\u00bb locked=\u00a0\u00bboff\u00a0\u00bb][et_pb_column type=\u00a0\u00bb2_5&Prime; _builder_version=\u00a0\u00bb3.0.47&Prime;][et_pb_image src=\u00a0\u00bbhttps:\/\/sunandgolfproperties.com\/wp-content\/uploads\/2019\/10\/cover-ebook.jpg\u00a0\u00bb url=\u00a0\u00bbhttps:\/\/sunandgolfproperties.com\/wp-content\/uploads\/2019\/11\/Guide-ultime-pour-acheter-une-maison-en-Espagne-Ebook.pdf\u00a0\u00bb url_new_window=\u00a0\u00bbon\u00a0\u00bb admin_label=\u00a0\u00bbImage\u00a0\u00bb _builder_version=\u00a0\u00bb3.22.7&Prime; border_radii=\u00a0\u00bb|1px|1px|1px|1px\u00a0\u00bb border_color_all=\u00a0\u00bb#80006f\u00a0\u00bb box_shadow_style=\u00a0\u00bbpreset2&Prime;][\/et_pb_image][\/et_pb_column][et_pb_column type=\u00a0\u00bb3_5&Prime; _builder_version=\u00a0\u00bb3.0.47&Prime;][et_pb_text admin_label=\u00a0\u00bbTitle\u00a0\u00bb _builder_version=\u00a0\u00bb3.22.7&Prime; header_font=\u00a0\u00bbMontserrat||||\u00a0\u00bb header_text_color=\u00a0\u00bb#1f1f1f\u00a0\u00bb header_font_size=\u00a0\u00bb36px\u00a0\u00bb header_2_font=\u00a0\u00bbMontserrat||||||||\u00a0\u00bb header_2_text_color=\u00a0\u00bb#1f1f1f\u00a0\u00bb header_2_font_size=\u00a0\u00bb36px\u00a0\u00bb text_orientation=\u00a0\u00bbcenter\u00a0\u00bb max_width=\u00a0\u00bb710px\u00a0\u00bb module_alignment=\u00a0\u00bbcenter\u00a0\u00bb animation_style=\u00a0\u00bbfold\u00a0\u00bb animation_direction=\u00a0\u00bbbottom\u00a0\u00bb animation_intensity_fold=\u00a0\u00bb20%\u00a0\u00bb]<\/p>\n<h2>T\u00e9l\u00e9chargez votre Guide de l&rsquo;Achat Immobilier en Espagne<\/h2>\n<p>[\/et_pb_text][et_pb_text admin_label=\u00a0\u00bbText\u00a0\u00bb _builder_version=\u00a0\u00bb3.22.7&Prime; text_font=\u00a0\u00bb||||||||\u00a0\u00bb text_font_size=\u00a0\u00bb16px\u00a0\u00bb text_line_height=\u00a0\u00bb1.9em\u00a0\u00bb header_font=\u00a0\u00bb||||||||\u00a0\u00bb header_3_font=\u00a0\u00bb||||||||\u00a0\u00bb header_3_text_color=\u00a0\u00bb#1f1f1f\u00a0\u00bb header_3_font_size=\u00a0\u00bb34px\u00a0\u00bb max_width=\u00a0\u00bb710px\u00a0\u00bb module_alignment=\u00a0\u00bbcenter\u00a0\u00bb animation_style=\u00a0\u00bbfold\u00a0\u00bb animation_direction=\u00a0\u00bbbottom\u00a0\u00bb animation_intensity_fold=\u00a0\u00bb20%\u00a0\u00bb]<\/p>\n<p>Cliquez ci-dessous pour t\u00e9l\u00e9charger votre E-Book gratuit \u00ab Guide ultime pour acheter une maison en Espagne \u00bb .<\/p>\n<p>Nous esp\u00e9rons que vous l&rsquo;appr\u00e9cierez et que, si vous avez encore des questions apr\u00e8s l&rsquo;avoir lu, contactez-nous. Nos agents sont tr\u00e8s exp\u00e9riment\u00e9s dans tous les domaines de l&rsquo;achat de biens immobiliers en Espagne.<\/p>\n<p>[\/et_pb_text][et_pb_button button_url=\u00a0\u00bbhttps:\/\/sunandgolfproperties.com\/wp-content\/uploads\/2019\/11\/Guide-ultime-pour-acheter-une-maison-en-Espagne-Ebook.pdf\u00a0\u00bb url_new_window=\u00a0\u00bbon\u00a0\u00bb button_text=\u00a0\u00bbCliquez pour t\u00e9l\u00e9charger\u00a0\u00bb _builder_version=\u00a0\u00bb3.22.7&Prime;][\/et_pb_button][\/et_pb_column][\/et_pb_row][\/et_pb_section]<\/p>\n","protected":false},"excerpt":{"rendered":"<p>T\u00e9l\u00e9chargez votre Guide de l&rsquo;Achat Immobilier en EspagneCliquez ci-dessous pour t\u00e9l\u00e9charger votre E-Book gratuit \u00ab Guide ultime pour acheter une maison en Espagne \u00bb . Nous esp\u00e9rons que vous l&rsquo;appr\u00e9cierez et que, si vous avez encore des questions apr\u00e8s l&rsquo;avoir lu, contactez-nous. Nos agents sont tr\u00e8s exp\u00e9riment\u00e9s dans tous les domaines de l&rsquo;achat de biens [&hellip;]<\/p>\n","protected":false},"author":6,"featured_media":0,"parent":0,"menu_order":0,"comment_status":"closed","ping_status":"closed","template":"","meta":{"_et_pb_use_builder":"on","_et_pb_old_content":"","_et_gb_content_width":"","footnotes":""},"class_list":["post-6625","page","type-page","status-publish","hentry"],"_links":{"self":[{"href":"https:\/\/sunandgolfproperties.com\/fr\/wp-json\/wp\/v2\/pages\/6625","targetHints":{"allow":["GET"]}}],"collection":[{"href":"https:\/\/sunandgolfproperties.com\/fr\/wp-json\/wp\/v2\/pages"}],"about":[{"href":"https:\/\/sunandgolfproperties.com\/fr\/wp-json\/wp\/v2\/types\/page"}],"author":[{"embeddable":true,"href":"https:\/\/sunandgolfproperties.com\/fr\/wp-json\/wp\/v2\/users\/6"}],"replies":[{"embeddable":true,"href":"https:\/\/sunandgolfproperties.com\/fr\/wp-json\/wp\/v2\/comments?post=6625"}],"version-history":[{"count":4,"href":"https:\/\/sunandgolfproperties.com\/fr\/wp-json\/wp\/v2\/pages\/6625\/revisions"}],"predecessor-version":[{"id":6633,"href":"https:\/\/sunandgolfproperties.com\/fr\/wp-json\/wp\/v2\/pages\/6625\/revisions\/6633"}],"wp:attachment":[{"href":"https:\/\/sunandgolfproperties.com\/fr\/wp-json\/wp\/v2\/media?parent=6625"}],"curies":[{"name":"wp","href":"https:\/\/api.w.org\/{rel}","templated":true}]}}