{"id":5156,"date":"2025-10-09T22:51:12","date_gmt":"2025-10-09T20:51:12","guid":{"rendered":"https:\/\/sunandgolfproperties.com\/?page_id=5156"},"modified":"2025-10-09T22:51:18","modified_gmt":"2025-10-09T20:51:18","slug":"la-milla-de-oro","status":"publish","type":"page","link":"https:\/\/sunandgolfproperties.com\/fr\/la-milla-de-oro\/","title":{"rendered":"La Milla de Oro"},"content":{"rendered":"<p>[et_pb_section fb_built=\u00a0\u00bb1&Prime; fullwidth=\u00a0\u00bbon\u00a0\u00bb _builder_version=\u00a0\u00bb3.22.7&Prime; locked=\u00a0\u00bboff\u00a0\u00bb][et_pb_fullwidth_header title=\u00a0\u00bbGu\u00edas de Area\u00a0\u00bb _builder_version=\u00a0\u00bb3.22.7&Prime; title_font=\u00a0\u00bb||||||||\u00a0\u00bb title_text_align=\u00a0\u00bbcenter\u00a0\u00bb title_text_shadow_style=\u00a0\u00bbpreset1&Prime; background_image=\u00a0\u00bbhttps:\/\/sunandgolfproperties.com\/wp-content\/uploads\/2019\/05\/golf.jpg\u00a0\u00bb][\/et_pb_fullwidth_header][\/et_pb_section][et_pb_section fb_built=\u00a0\u00bb1&Prime; _builder_version=\u00a0\u00bb3.22.7&Prime;][et_pb_row background_position_1=\u00a0\u00bbtop_left\u00a0\u00bb background_repeat_1=\u00a0\u00bbno-repeat\u00a0\u00bb _builder_version=\u00a0\u00bb3.22.3&Prime; custom_width_px=\u00a0\u00bb710px\u00a0\u00bb locked=\u00a0\u00bboff\u00a0\u00bb][et_pb_column type=\u00a0\u00bb4_4&Prime; _builder_version=\u00a0\u00bb3.0.47&Prime;][et_pb_divider color=\u00a0\u00bb#80006f\u00a0\u00bb divider_weight=\u00a0\u00bb3px\u00a0\u00bb disabled_on=\u00a0\u00bboff|off|off\u00a0\u00bb _builder_version=\u00a0\u00bb3.22.7&Prime; background_color_gradient_direction=\u00a0\u00bb90deg\u00a0\u00bb max_width=\u00a0\u00bb100px\u00a0\u00bb module_alignment=\u00a0\u00bbcenter\u00a0\u00bb height=\u00a0\u00bb5px\u00a0\u00bb custom_margin=\u00a0\u00bb||20px|\u00a0\u00bb custom_padding=\u00a0\u00bb||20px|\u00a0\u00bb animation_style=\u00a0\u00bbslide\u00a0\u00bb animation_direction=\u00a0\u00bbbottom\u00a0\u00bb saved_tabs=\u00a0\u00bball\u00a0\u00bb locked=\u00a0\u00bboff\u00a0\u00bb][\/et_pb_divider][et_pb_text admin_label=\u00a0\u00bbContact Section Title\u00a0\u00bb _builder_version=\u00a0\u00bb3.22.7&Prime; header_font=\u00a0\u00bbMontserrat||||\u00a0\u00bb header_text_color=\u00a0\u00bb#1f1f1f\u00a0\u00bb header_font_size=\u00a0\u00bb36px\u00a0\u00bb text_orientation=\u00a0\u00bbcenter\u00a0\u00bb max_width=\u00a0\u00bb710px\u00a0\u00bb module_alignment=\u00a0\u00bbcenter\u00a0\u00bb animation_style=\u00a0\u00bbfold\u00a0\u00bb animation_direction=\u00a0\u00bbbottom\u00a0\u00bb animation_intensity_fold=\u00a0\u00bb20%\u00a0\u00bb]<\/p>\n<h1>Le Mille d&rsquo;Or<\/h1>\n<p>[\/et_pb_text][et_pb_text admin_label=\u00a0\u00bbContact Section Subtitle\u00a0\u00bb _builder_version=\u00a0\u00bb3.22.7&Prime; text_font_size=\u00a0\u00bb16px\u00a0\u00bb text_line_height=\u00a0\u00bb1.9em\u00a0\u00bb text_orientation=\u00a0\u00bbcenter\u00a0\u00bb max_width=\u00a0\u00bb710px\u00a0\u00bb module_alignment=\u00a0\u00bbcenter\u00a0\u00bb animation_style=\u00a0\u00bbfold\u00a0\u00bb animation_direction=\u00a0\u00bbbottom\u00a0\u00bb animation_intensity_fold=\u00a0\u00bb20%\u00a0\u00bb]<\/p>\n<div id=\"p104991013144111813\" class=\"Text Element\">\n<div class=\"SEOElement\">\n<div class=\"contentContainer Size\">\n<div id=\"p104991013144111813_absfill\" class=\"absoluteFill\">\n<div class=\"elementBorder BoxStyle\">\n<div class=\"elementContainer ContainerStyle\">\n<div class=\"ViewportRealm break_320 break_480 break_768 break_992 break_1200\">Nous appelons le Golden Mile la bande enti\u00e8re de l&rsquo;ouest de Marbella-centre \u00e0 Puerto Banus. Bien qu&rsquo;il ne s&rsquo;agisse que de 5 km de bande, cette zone est l&rsquo;une des plus exclusives et des plus demand\u00e9es en termes de propri\u00e9t\u00e9s en Europe.<\/div>\n<\/div>\n<\/div>\n<\/div>\n<\/div>\n<\/div>\n<\/div>\n<p>[\/et_pb_text][\/et_pb_column][\/et_pb_row][\/et_pb_section][et_pb_section fb_built=\u00a0\u00bb1&Prime; fullwidth=\u00a0\u00bbon\u00a0\u00bb _builder_version=\u00a0\u00bb3.22.7&Prime;][et_pb_fullwidth_image src=\u00a0\u00bbhttps:\/\/sunandgolfproperties.com\/wp-content\/uploads\/2019\/07\/puente-romano.jpg\u00a0\u00bb _builder_version=\u00a0\u00bb3.22.7&Prime;][\/et_pb_fullwidth_image][\/et_pb_section][et_pb_section fb_built=\u00a0\u00bb1&Prime; _builder_version=\u00a0\u00bb3.22.7&Prime;][et_pb_row background_position_1=\u00a0\u00bbtop_left\u00a0\u00bb background_repeat_1=\u00a0\u00bbno-repeat\u00a0\u00bb _builder_version=\u00a0\u00bb3.22.3&Prime; custom_width_px=\u00a0\u00bb710px\u00a0\u00bb locked=\u00a0\u00bboff\u00a0\u00bb][et_pb_column type=\u00a0\u00bb4_4&Prime; _builder_version=\u00a0\u00bb3.0.47&Prime;][et_pb_text _builder_version=\u00a0\u00bb3.22.7&Prime;]Cette zone est divis\u00e9e en deux zones : de la route c\u00f4ti\u00e8re N-340 \u00e0 la plage, et de la N-340 \u00e0 la montagne.<\/p>\n<p>C\u00f4t\u00e9 plage, vous trouverez de magnifiques villas priv\u00e9es et de luxueux appartements et penthouses dans des complexes r\u00e9sidentiels exclusifs tels que Las Ca\u00f1as et Playa Esmeralda, ainsi que les h\u00f4tels Marbella Club et Puente Romano. Vous pouvez \u00e9galement profiter d&rsquo;une promenade fabuleuse, reconnue comme l&rsquo;une des plus longues et des plus belles d&rsquo;Europe, qui poss\u00e8de les meilleurs clubs de plage et restaurants de Marbella.[\/et_pb_text][\/et_pb_column][\/et_pb_row][\/et_pb_section][et_pb_section fb_built=\u00a0\u00bb1&Prime; fullwidth=\u00a0\u00bbon\u00a0\u00bb _builder_version=\u00a0\u00bb3.22.7&Prime;][et_pb_fullwidth_image src=\u00a0\u00bbhttps:\/\/sunandgolfproperties.com\/wp-content\/uploads\/2019\/07\/The-Golden-Mile-still-the-best-address-in-Marbella-1636&#215;1090.jpg\u00a0\u00bb _builder_version=\u00a0\u00bb3.22.7&Prime;][\/et_pb_fullwidth_image][\/et_pb_section][et_pb_section fb_built=\u00a0\u00bb1&Prime; _builder_version=\u00a0\u00bb3.22.7&Prime;][et_pb_row background_position_1=\u00a0\u00bbtop_left\u00a0\u00bb background_repeat_1=\u00a0\u00bbno-repeat\u00a0\u00bb _builder_version=\u00a0\u00bb3.22.3&Prime; custom_width_px=\u00a0\u00bb710px\u00a0\u00bb locked=\u00a0\u00bboff\u00a0\u00bb][et_pb_column type=\u00a0\u00bb4_4&Prime; _builder_version=\u00a0\u00bb3.0.47&Prime;][et_pb_text _builder_version=\u00a0\u00bb3.22.7&Prime;]Que vous soyez \u00e0 la recherche d&rsquo;une villa priv\u00e9e avec vue sur la c\u00f4te ou d&rsquo;un appartement de prestige sur la plage, La Milla de Oro est votre destination.[\/et_pb_text][\/et_pb_column][\/et_pb_row][\/et_pb_section][et_pb_section fb_built=\u00a0\u00bb1&Prime; fullwidth=\u00a0\u00bbon\u00a0\u00bb _builder_version=\u00a0\u00bb3.22.7&Prime;][et_pb_fullwidth_image src=\u00a0\u00bbhttps:\/\/sunandgolfproperties.com\/wp-content\/uploads\/2019\/07\/9128_SeaGrill_14_.jpg\u00a0\u00bb _builder_version=\u00a0\u00bb3.22.7&Prime;][\/et_pb_fullwidth_image][\/et_pb_section][et_pb_section fb_built=\u00a0\u00bb1&Prime; _builder_version=\u00a0\u00bb3.22.7&Prime;][et_pb_row _builder_version=\u00a0\u00bb3.22.7&Prime;][et_pb_column type=\u00a0\u00bb1_2&Prime; _builder_version=\u00a0\u00bb3.22.7&Prime;][et_pb_text _builder_version=\u00a0\u00bb3.22.7&Prime;]Cliquez sur le bouton suivant pour afficher toutes les propri\u00e9t\u00e9s de cette zone.[\/et_pb_text][\/et_pb_column][et_pb_column type=\u00a0\u00bb1_2&Prime; _builder_version=\u00a0\u00bb3.22.7&Prime;][et_pb_button button_url=\u00a0\u00bb\/listing\/?fid=1&amp;Type=sale&amp;tipo=&amp;hidden-tipo=&amp;zona=Golden+Mile&amp;hidden-zona=golden-mile&amp;num_hab=&amp;num_bath=&amp;views=&amp;orientation=&amp;min_precio=&amp;max_precio=&amp;Refid=&amp;lang=en&amp;idioma=en\u00a0\u00bb button_text=\u00a0\u00bbVoir les propri\u00e9t\u00e9s\u00a0\u00bb _builder_version=\u00a0\u00bb3.22.7&Prime;][\/et_pb_button][\/et_pb_column][\/et_pb_row][\/et_pb_section]<\/p>\n","protected":false},"excerpt":{"rendered":"<p>Le Mille d&rsquo;Or Nous appelons le Golden Mile la bande enti\u00e8re de l&rsquo;ouest de Marbella-centre \u00e0 Puerto Banus. Bien qu&rsquo;il ne s&rsquo;agisse que de 5 km de bande, cette zone est l&rsquo;une des plus exclusives et des plus demand\u00e9es en termes de propri\u00e9t\u00e9s en Europe. Cette zone est divis\u00e9e en deux zones : de la [&hellip;]<\/p>\n","protected":false},"author":1,"featured_media":0,"parent":0,"menu_order":0,"comment_status":"closed","ping_status":"closed","template":"","meta":{"_et_pb_use_builder":"on","_et_pb_old_content":"","_et_gb_content_width":"","footnotes":""},"class_list":["post-5156","page","type-page","status-publish","hentry"],"_links":{"self":[{"href":"https:\/\/sunandgolfproperties.com\/fr\/wp-json\/wp\/v2\/pages\/5156","targetHints":{"allow":["GET"]}}],"collection":[{"href":"https:\/\/sunandgolfproperties.com\/fr\/wp-json\/wp\/v2\/pages"}],"about":[{"href":"https:\/\/sunandgolfproperties.com\/fr\/wp-json\/wp\/v2\/types\/page"}],"author":[{"embeddable":true,"href":"https:\/\/sunandgolfproperties.com\/fr\/wp-json\/wp\/v2\/users\/1"}],"replies":[{"embeddable":true,"href":"https:\/\/sunandgolfproperties.com\/fr\/wp-json\/wp\/v2\/comments?post=5156"}],"version-history":[{"count":6,"href":"https:\/\/sunandgolfproperties.com\/fr\/wp-json\/wp\/v2\/pages\/5156\/revisions"}],"predecessor-version":[{"id":5337,"href":"https:\/\/sunandgolfproperties.com\/fr\/wp-json\/wp\/v2\/pages\/5156\/revisions\/5337"}],"wp:attachment":[{"href":"https:\/\/sunandgolfproperties.com\/fr\/wp-json\/wp\/v2\/media?parent=5156"}],"curies":[{"name":"wp","href":"https:\/\/api.w.org\/{rel}","templated":true}]}}