{"id":5145,"date":"2025-10-09T22:50:45","date_gmt":"2025-10-09T20:50:45","guid":{"rendered":"https:\/\/sunandgolfproperties.com\/?page_id=5145"},"modified":"2025-10-09T22:50:46","modified_gmt":"2025-10-09T20:50:46","slug":"puerto-banus","status":"publish","type":"page","link":"https:\/\/sunandgolfproperties.com\/fr\/puerto-banus\/","title":{"rendered":"Puerto Ban\u00fas"},"content":{"rendered":"<p>[et_pb_section fb_built=\u00a0\u00bb1&Prime; fullwidth=\u00a0\u00bbon\u00a0\u00bb _builder_version=\u00a0\u00bb3.22.7&Prime; locked=\u00a0\u00bboff\u00a0\u00bb][et_pb_fullwidth_header title=\u00a0\u00bbGu\u00edas de \u00c1rea\u00a0\u00bb _builder_version=\u00a0\u00bb3.22.7&Prime; title_font=\u00a0\u00bb||||||||\u00a0\u00bb title_text_align=\u00a0\u00bbcenter\u00a0\u00bb title_text_shadow_style=\u00a0\u00bbpreset1&Prime; background_image=\u00a0\u00bbhttps:\/\/sunandgolfproperties.com\/wp-content\/uploads\/2019\/05\/golf.jpg\u00a0\u00bb][\/et_pb_fullwidth_header][\/et_pb_section][et_pb_section fb_built=\u00a0\u00bb1&Prime; _builder_version=\u00a0\u00bb3.22.7&Prime;][et_pb_row background_position_1=\u00a0\u00bbtop_left\u00a0\u00bb background_repeat_1=\u00a0\u00bbno-repeat\u00a0\u00bb _builder_version=\u00a0\u00bb3.22.3&Prime; custom_width_px=\u00a0\u00bb710px\u00a0\u00bb locked=\u00a0\u00bboff\u00a0\u00bb][et_pb_column type=\u00a0\u00bb4_4&Prime; _builder_version=\u00a0\u00bb3.0.47&Prime;][et_pb_divider color=\u00a0\u00bb#80006f\u00a0\u00bb divider_weight=\u00a0\u00bb3px\u00a0\u00bb disabled_on=\u00a0\u00bboff|off|off\u00a0\u00bb _builder_version=\u00a0\u00bb3.22.7&Prime; background_color_gradient_direction=\u00a0\u00bb90deg\u00a0\u00bb max_width=\u00a0\u00bb100px\u00a0\u00bb module_alignment=\u00a0\u00bbcenter\u00a0\u00bb height=\u00a0\u00bb5px\u00a0\u00bb custom_margin=\u00a0\u00bb||20px|\u00a0\u00bb custom_padding=\u00a0\u00bb||20px|\u00a0\u00bb animation_style=\u00a0\u00bbslide\u00a0\u00bb animation_direction=\u00a0\u00bbbottom\u00a0\u00bb saved_tabs=\u00a0\u00bball\u00a0\u00bb locked=\u00a0\u00bboff\u00a0\u00bb][\/et_pb_divider][et_pb_text admin_label=\u00a0\u00bbContact Section Title\u00a0\u00bb _builder_version=\u00a0\u00bb3.22.7&Prime; header_font=\u00a0\u00bbMontserrat||||\u00a0\u00bb header_text_color=\u00a0\u00bb#1f1f1f\u00a0\u00bb header_font_size=\u00a0\u00bb36px\u00a0\u00bb text_orientation=\u00a0\u00bbcenter\u00a0\u00bb max_width=\u00a0\u00bb710px\u00a0\u00bb module_alignment=\u00a0\u00bbcenter\u00a0\u00bb animation_style=\u00a0\u00bbfold\u00a0\u00bb animation_direction=\u00a0\u00bbbottom\u00a0\u00bb animation_intensity_fold=\u00a0\u00bb20%\u00a0\u00bb]<\/p>\n<h1>Puerto Ban\u00fas<\/h1>\n<p>[\/et_pb_text][et_pb_text admin_label=\u00a0\u00bbContact Section Subtitle\u00a0\u00bb _builder_version=\u00a0\u00bb3.22.7&Prime; text_font_size=\u00a0\u00bb16px\u00a0\u00bb text_line_height=\u00a0\u00bb1.9em\u00a0\u00bb text_orientation=\u00a0\u00bbcenter\u00a0\u00bb max_width=\u00a0\u00bb710px\u00a0\u00bb module_alignment=\u00a0\u00bbcenter\u00a0\u00bb animation_style=\u00a0\u00bbfold\u00a0\u00bb animation_direction=\u00a0\u00bbbottom\u00a0\u00bb animation_intensity_fold=\u00a0\u00bb20%\u00a0\u00bb]<\/p>\n<div id=\"p104991013144111813\" class=\"Text Element\">\n<div class=\"SEOElement\">\n<div class=\"contentContainer Size\">\n<div id=\"p104991013144111813_absfill\" class=\"absoluteFill\">\n<div class=\"elementBorder BoxStyle\">\n<div class=\"elementContainer ContainerStyle\">\n<div class=\"ViewportRealm break_320 break_480 break_768 break_992 break_1200\">\n<p>Le luxueux port de plaisance de Puerto Banus est situ\u00e9 \u00e0 7,5 km du centre de Marbella. L&rsquo;a\u00e9roport de Malaga, \u00e0 l&rsquo;est, est \u00e0 60 km, et celui de Gibraltar, \u00e0 l&rsquo;ouest, \u00e0 70 km. Puerto Banus attire plus de 4 millions de visiteurs par an et est principalement une destination de vacances.<\/p>\n<p>Le port jouit d&rsquo;un climat privil\u00e9gi\u00e9 &#8211; environ 320 jours de soleil par an.<br \/>\nCon\u00e7u comme un port exclusif pour la jet-set internationale, Puerto Banus est aujourd&rsquo;hui l&rsquo;une des zones les plus luxueuses de la Costa del Sol.<\/p>\n<\/div>\n<\/div>\n<\/div>\n<\/div>\n<\/div>\n<\/div>\n<\/div>\n<p>[\/et_pb_text][\/et_pb_column][\/et_pb_row][\/et_pb_section][et_pb_section fb_built=\u00a0\u00bb1&Prime; fullwidth=\u00a0\u00bbon\u00a0\u00bb _builder_version=\u00a0\u00bb3.22.7&Prime;][et_pb_fullwidth_image src=\u00a0\u00bbhttps:\/\/sunandgolfproperties.com\/wp-content\/uploads\/2019\/07\/puerto-banus.jpg\u00a0\u00bb _builder_version=\u00a0\u00bb3.22.7&Prime;][\/et_pb_fullwidth_image][\/et_pb_section][et_pb_section fb_built=\u00a0\u00bb1&Prime; _builder_version=\u00a0\u00bb3.22.7&Prime;][et_pb_row background_position_1=\u00a0\u00bbtop_left\u00a0\u00bb background_repeat_1=\u00a0\u00bbno-repeat\u00a0\u00bb _builder_version=\u00a0\u00bb3.22.3&Prime; custom_width_px=\u00a0\u00bb710px\u00a0\u00bb locked=\u00a0\u00bboff\u00a0\u00bb][et_pb_column type=\u00a0\u00bb4_4&Prime; _builder_version=\u00a0\u00bb3.0.47&Prime;][et_pb_text _builder_version=\u00a0\u00bb3.22.7&Prime;]Une promenade dans le port nous emm\u00e8ne entre des yachts et des voitures de luxe d&rsquo;un million de dollars, ainsi qu&rsquo;\u00e0 prendre un bain de soleil et profiter de la vue depuis les restaurants et les caf\u00e9s.<\/p>\n<p>Les meilleures entreprises et les meilleurs designers y ont des magasins, plus trois centres commerciaux, dont le magasin le plus rentable d&rsquo;Espagne, comme El Corte Ingl\u00e9s.<\/p>\n<p>Puerto Banus rena\u00eet la nuit quand ses rues, bars, discoth\u00e8ques, casinos et cin\u00e9mas se remplissent pour profiter du charme de la vie nocturne de Marbella.[\/et_pb_text][\/et_pb_column][\/et_pb_row][\/et_pb_section][et_pb_section fb_built=\u00a0\u00bb1&Prime; fullwidth=\u00a0\u00bbon\u00a0\u00bb _builder_version=\u00a0\u00bb3.22.7&Prime;][et_pb_fullwidth_image src=\u00a0\u00bbhttps:\/\/sunandgolfproperties.com\/wp-content\/uploads\/2019\/07\/MARBELLA-ARENA.jpg\u00a0\u00bb _builder_version=\u00a0\u00bb3.22.7&Prime;][\/et_pb_fullwidth_image][\/et_pb_section][et_pb_section fb_built=\u00a0\u00bb1&Prime; _builder_version=\u00a0\u00bb3.22.7&Prime;][et_pb_row background_position_1=\u00a0\u00bbtop_left\u00a0\u00bb background_repeat_1=\u00a0\u00bbno-repeat\u00a0\u00bb _builder_version=\u00a0\u00bb3.22.3&Prime; custom_width_px=\u00a0\u00bb710px\u00a0\u00bb locked=\u00a0\u00bboff\u00a0\u00bb][et_pb_column type=\u00a0\u00bb4_4&Prime; _builder_version=\u00a0\u00bb3.0.47&Prime;][et_pb_text _builder_version=\u00a0\u00bb3.22.7&Prime;]Pour profiter de la journ\u00e9e, Puerto Banus dispose de plages de sable avec des clubs de plage modernes offrant des chaises longues g\u00e9antes, de la musique relax et tout ce dont vous avez besoin pour une petite d\u00e9tente de luxe. Les golfeurs sont bien pris en charge, avec une magnifique s\u00e9lection de parcours de golf \u00e0 proximit\u00e9 de la Golf Valley.<br \/>\n[\/et_pb_text][\/et_pb_column][\/et_pb_row][\/et_pb_section][et_pb_section fb_built=\u00a0\u00bb1&Prime; fullwidth=\u00a0\u00bbon\u00a0\u00bb _builder_version=\u00a0\u00bb3.22.7&Prime; custom_margin=\u00a0\u00bb||10px\u00a0\u00bb][et_pb_fullwidth_image src=\u00a0\u00bbhttps:\/\/sunandgolfproperties.com\/wp-content\/uploads\/2019\/07\/puerto-banus.jpg\u00a0\u00bb _builder_version=\u00a0\u00bb3.22.7&Prime;][\/et_pb_fullwidth_image][\/et_pb_section][et_pb_section fb_built=\u00a0\u00bb1&Prime; _builder_version=\u00a0\u00bb3.22.7&Prime;][et_pb_row _builder_version=\u00a0\u00bb3.22.7&Prime;][et_pb_column type=\u00a0\u00bb1_2&Prime; _builder_version=\u00a0\u00bb3.22.7&Prime;][et_pb_text _builder_version=\u00a0\u00bb3.22.7&Prime;]Cliquez sur le bouton suivant pour afficher toutes les propri\u00e9t\u00e9s de cette zone.<br \/>\n[\/et_pb_text][\/et_pb_column][et_pb_column type=\u00a0\u00bb1_2&Prime; _builder_version=\u00a0\u00bb3.22.7&Prime;][et_pb_button button_url=\u00a0\u00bb\/listing\/?fid=1&amp;Type=sale&amp;tipo=&amp;hidden-tipo=&amp;zona=Puerto+Ban\u00fas&amp;hidden-zona=puerto-banus&amp;num_hab=&amp;num_bath=&amp;views=&amp;orientation=&amp;min_precio=&amp;max_precio=&amp;Refid=&amp;lang=en&amp;idioma=en\u00a0\u00bb button_text=\u00a0\u00bbVoir les propri\u00e9t\u00e9s\u00a0\u00bb _builder_version=\u00a0\u00bb3.22.7&Prime;][\/et_pb_button][\/et_pb_column][\/et_pb_row][\/et_pb_section]<\/p>\n","protected":false},"excerpt":{"rendered":"<p>Puerto Ban\u00fas Le luxueux port de plaisance de Puerto Banus est situ\u00e9 \u00e0 7,5 km du centre de Marbella. L&rsquo;a\u00e9roport de Malaga, \u00e0 l&rsquo;est, est \u00e0 60 km, et celui de Gibraltar, \u00e0 l&rsquo;ouest, \u00e0 70 km. Puerto Banus attire plus de 4 millions de visiteurs par an et est principalement une destination de vacances. [&hellip;]<\/p>\n","protected":false},"author":1,"featured_media":0,"parent":0,"menu_order":0,"comment_status":"closed","ping_status":"closed","template":"","meta":{"_et_pb_use_builder":"on","_et_pb_old_content":"","_et_gb_content_width":"","footnotes":""},"class_list":["post-5145","page","type-page","status-publish","hentry"],"_links":{"self":[{"href":"https:\/\/sunandgolfproperties.com\/fr\/wp-json\/wp\/v2\/pages\/5145","targetHints":{"allow":["GET"]}}],"collection":[{"href":"https:\/\/sunandgolfproperties.com\/fr\/wp-json\/wp\/v2\/pages"}],"about":[{"href":"https:\/\/sunandgolfproperties.com\/fr\/wp-json\/wp\/v2\/types\/page"}],"author":[{"embeddable":true,"href":"https:\/\/sunandgolfproperties.com\/fr\/wp-json\/wp\/v2\/users\/1"}],"replies":[{"embeddable":true,"href":"https:\/\/sunandgolfproperties.com\/fr\/wp-json\/wp\/v2\/comments?post=5145"}],"version-history":[{"count":5,"href":"https:\/\/sunandgolfproperties.com\/fr\/wp-json\/wp\/v2\/pages\/5145\/revisions"}],"predecessor-version":[{"id":5271,"href":"https:\/\/sunandgolfproperties.com\/fr\/wp-json\/wp\/v2\/pages\/5145\/revisions\/5271"}],"wp:attachment":[{"href":"https:\/\/sunandgolfproperties.com\/fr\/wp-json\/wp\/v2\/media?parent=5145"}],"curies":[{"name":"wp","href":"https:\/\/api.w.org\/{rel}","templated":true}]}}