{"id":1535,"date":"2019-06-11T23:19:05","date_gmt":"2019-06-11T23:19:05","guid":{"rendered":"https:\/\/sunandgolfproperties.com\/?page_id=1535"},"modified":"2019-09-24T11:42:58","modified_gmt":"2019-09-24T11:42:58","slug":"mijas","status":"publish","type":"page","link":"https:\/\/sunandgolfproperties.com\/fr\/mijas\/","title":{"rendered":"Mijas"},"content":{"rendered":"<p>[et_pb_section fb_built=\u00a0\u00bb1&Prime; fullwidth=\u00a0\u00bbon\u00a0\u00bb _builder_version=\u00a0\u00bb3.22.7&Prime; locked=\u00a0\u00bboff\u00a0\u00bb][et_pb_fullwidth_header title=\u00a0\u00bbGUIDES \u00a0\u00bb _builder_version=\u00a0\u00bb3.22.7&Prime; title_font=\u00a0\u00bb||||||||\u00a0\u00bb title_text_align=\u00a0\u00bbcenter\u00a0\u00bb title_text_shadow_style=\u00a0\u00bbpreset1&Prime; background_image=\u00a0\u00bbhttps:\/\/sunandgolfproperties.com\/wp-content\/uploads\/2019\/05\/golf.jpg\u00a0\u00bb][\/et_pb_fullwidth_header][\/et_pb_section][et_pb_section fb_built=\u00a0\u00bb1&Prime; _builder_version=\u00a0\u00bb3.22.7&Prime;][et_pb_row background_position_1=\u00a0\u00bbtop_left\u00a0\u00bb background_repeat_1=\u00a0\u00bbno-repeat\u00a0\u00bb _builder_version=\u00a0\u00bb3.22.3&Prime; custom_width_px=\u00a0\u00bb710px\u00a0\u00bb locked=\u00a0\u00bboff\u00a0\u00bb][et_pb_column type=\u00a0\u00bb4_4&Prime; _builder_version=\u00a0\u00bb3.0.47&Prime;][et_pb_divider color=\u00a0\u00bb#80006f\u00a0\u00bb divider_weight=\u00a0\u00bb3px\u00a0\u00bb disabled_on=\u00a0\u00bboff|off|off\u00a0\u00bb _builder_version=\u00a0\u00bb3.22.7&Prime; background_color_gradient_direction=\u00a0\u00bb90deg\u00a0\u00bb max_width=\u00a0\u00bb100px\u00a0\u00bb module_alignment=\u00a0\u00bbcenter\u00a0\u00bb height=\u00a0\u00bb5px\u00a0\u00bb custom_margin=\u00a0\u00bb||20px|\u00a0\u00bb custom_padding=\u00a0\u00bb||20px|\u00a0\u00bb animation_style=\u00a0\u00bbslide\u00a0\u00bb animation_direction=\u00a0\u00bbbottom\u00a0\u00bb saved_tabs=\u00a0\u00bball\u00a0\u00bb locked=\u00a0\u00bboff\u00a0\u00bb][\/et_pb_divider][et_pb_text admin_label=\u00a0\u00bbContact Section Title\u00a0\u00bb _builder_version=\u00a0\u00bb3.22.7&Prime; header_font=\u00a0\u00bbMontserrat||||\u00a0\u00bb header_text_color=\u00a0\u00bb#1f1f1f\u00a0\u00bb header_font_size=\u00a0\u00bb36px\u00a0\u00bb text_orientation=\u00a0\u00bbcenter\u00a0\u00bb max_width=\u00a0\u00bb710px\u00a0\u00bb module_alignment=\u00a0\u00bbcenter\u00a0\u00bb animation_style=\u00a0\u00bbfold\u00a0\u00bb animation_direction=\u00a0\u00bbbottom\u00a0\u00bb animation_intensity_fold=\u00a0\u00bb20%\u00a0\u00bb]<\/p>\n<h1>Mijas<\/h1>\n<p>[\/et_pb_text][et_pb_text admin_label=\u00a0\u00bbContact Section Subtitle\u00a0\u00bb _builder_version=\u00a0\u00bb3.22.7&Prime; text_font_size=\u00a0\u00bb16px\u00a0\u00bb text_line_height=\u00a0\u00bb1.9em\u00a0\u00bb text_orientation=\u00a0\u00bbcenter\u00a0\u00bb max_width=\u00a0\u00bb710px\u00a0\u00bb module_alignment=\u00a0\u00bbcenter\u00a0\u00bb animation_style=\u00a0\u00bbfold\u00a0\u00bb animation_direction=\u00a0\u00bbbottom\u00a0\u00bb animation_intensity_fold=\u00a0\u00bb20%\u00a0\u00bb]<\/p>\n<div id=\"p104991013144111813\" class=\"Text Element\">\n<div class=\"SEOElement\">\n<div class=\"contentContainer Size\">\n<div id=\"p104991013144111813_absfill\" class=\"absoluteFill\">\n<div class=\"elementBorder BoxStyle\">\n<div class=\"elementContainer ContainerStyle\">\n<div class=\"ViewportRealm break_320 break_480 break_768 break_992 break_1200\">\u00a0<\/div>\n<\/div>\n<\/div>\n<\/div>\n<\/div>\n<\/div>\n<\/div>\n<div id=\"p118401110110111177\" class=\"Text Element\">\n<div class=\"SEOElement\">\n<div class=\"contentContainer Size\">\n<div id=\"p118401110110111177_absfill\" class=\"absoluteFill\">\n<div class=\"elementBorder BoxStyle\">\n<div class=\"elementContainer ContainerStyle\">\n<div class=\"ViewportRealm break_320 break_480 break_768 break_992 break_1200\">\n<p>Mijas se compose de trois noyaux distincts : Mijas Pueblo, Las Lagunas de Mijas, pr\u00e8s de Fuengirola et La Cala, avec plus de 12 kilom\u00e8tres de c\u00f4tes.<\/p>\n<p>Parmi les trois, celle qui a le plus d&rsquo;attrait touristique est Mijas Pueblo en raison de son caract\u00e8re unique et de sa beaut\u00e9, de ses ruelles \u00e9troites, de ses maisons blanches, typiques d&rsquo;un village andalou et des vues spectaculaires qu&rsquo;elle offre.<\/p>\n<\/div>\n<\/div>\n<\/div>\n<\/div>\n<\/div>\n<\/div>\n<\/div>\n<p>[\/et_pb_text][\/et_pb_column][\/et_pb_row][\/et_pb_section][et_pb_section fb_built=\u00a0\u00bb1&Prime; fullwidth=\u00a0\u00bbon\u00a0\u00bb _builder_version=\u00a0\u00bb3.22.7&Prime;][et_pb_fullwidth_image src=\u00a0\u00bbhttps:\/\/sunandgolfproperties.com\/wp-content\/uploads\/2019\/06\/Mijas-Pueblo-Grande.jpg\u00a0\u00bb _builder_version=\u00a0\u00bb3.22.7&Prime;][\/et_pb_fullwidth_image][\/et_pb_section][et_pb_section fb_built=\u00a0\u00bb1&Prime; _builder_version=\u00a0\u00bb3.22.7&Prime;][et_pb_row background_position_1=\u00a0\u00bbtop_left\u00a0\u00bb background_repeat_1=\u00a0\u00bbno-repeat\u00a0\u00bb _builder_version=\u00a0\u00bb3.22.3&Prime; custom_width_px=\u00a0\u00bb710px\u00a0\u00bb locked=\u00a0\u00bboff\u00a0\u00bb][et_pb_column type=\u00a0\u00bb4_4&Prime; _builder_version=\u00a0\u00bb3.0.47&Prime;][et_pb_text _builder_version=\u00a0\u00bb3.22.7&Prime;]<\/p>\n<p>L&rsquo;Ermitage de la Virgen de la Pe\u00f1a, le Ch\u00e2teau de Las Murallas, le Mirador del Comp\u00e1s ou le Mus\u00e9e Ethnographique sont parmi les lieux les plus embl\u00e9matiques du village et nous ne pouvons oublier l&rsquo;authentique protagoniste de ce village, l&rsquo;\u00e2ne, sur lequel vous pourrez marcher dans les rues du village.<\/p>\n<p>[\/et_pb_text][\/et_pb_column][\/et_pb_row][\/et_pb_section][et_pb_section fb_built=\u00a0\u00bb1&Prime; fullwidth=\u00a0\u00bbon\u00a0\u00bb _builder_version=\u00a0\u00bb3.22.7&Prime;][et_pb_fullwidth_image src=\u00a0\u00bbhttps:\/\/sunandgolfproperties.com\/wp-content\/uploads\/2019\/05\/from-mijas-to-malaga-center.jpg\u00a0\u00bb _builder_version=\u00a0\u00bb3.22.7&Prime;][\/et_pb_fullwidth_image][\/et_pb_section][et_pb_section fb_built=\u00a0\u00bb1&Prime; _builder_version=\u00a0\u00bb3.22.7&Prime;][et_pb_row background_position_1=\u00a0\u00bbtop_left\u00a0\u00bb background_repeat_1=\u00a0\u00bbno-repeat\u00a0\u00bb _builder_version=\u00a0\u00bb3.22.3&Prime; custom_width_px=\u00a0\u00bb710px\u00a0\u00bb locked=\u00a0\u00bboff\u00a0\u00bb][et_pb_column type=\u00a0\u00bb4_4&Prime; _builder_version=\u00a0\u00bb3.0.47&Prime;][et_pb_text _builder_version=\u00a0\u00bb3.22.7&Prime;]<\/p>\n<p>A La Cala de Mijas, avec l&rsquo;une des meilleures plages de la province, vous pourrez pratiquer des sports nautiques, profiter du soleil et de la gastronomie dans un des nombreux bars de plage de la r\u00e9gion.<\/p>\n<p>En plus de tout cela, Mijas poss\u00e8de certains des terrains de golf les plus c\u00e9l\u00e8bres.<\/p>\n<p>[\/et_pb_text][\/et_pb_column][\/et_pb_row][\/et_pb_section][et_pb_section fb_built=\u00a0\u00bb1&Prime; fullwidth=\u00a0\u00bbon\u00a0\u00bb _builder_version=\u00a0\u00bb3.22.7&Prime; custom_margin=\u00a0\u00bb||10px\u00a0\u00bb][et_pb_fullwidth_image src=\u00a0\u00bbhttps:\/\/sunandgolfproperties.com\/wp-content\/uploads\/2019\/06\/bigstock-Mijas-Spain-February-286608505-Grande.jpg\u00a0\u00bb _builder_version=\u00a0\u00bb3.22.7&Prime;][\/et_pb_fullwidth_image][\/et_pb_section]<\/p>\n","protected":false},"excerpt":{"rendered":"<p>Mijas \u00a0 Mijas se compose de trois noyaux distincts : Mijas Pueblo, Las Lagunas de Mijas, pr\u00e8s de Fuengirola et La Cala, avec plus de 12 kilom\u00e8tres de c\u00f4tes. Parmi les trois, celle qui a le plus d&rsquo;attrait touristique est Mijas Pueblo en raison de son caract\u00e8re unique et de sa beaut\u00e9, de ses ruelles [&hellip;]<\/p>\n","protected":false},"author":1,"featured_media":0,"parent":0,"menu_order":0,"comment_status":"closed","ping_status":"closed","template":"","meta":{"_et_pb_use_builder":"on","_et_pb_old_content":"","_et_gb_content_width":"","footnotes":""},"class_list":["post-1535","page","type-page","status-publish","hentry"],"_links":{"self":[{"href":"https:\/\/sunandgolfproperties.com\/fr\/wp-json\/wp\/v2\/pages\/1535","targetHints":{"allow":["GET"]}}],"collection":[{"href":"https:\/\/sunandgolfproperties.com\/fr\/wp-json\/wp\/v2\/pages"}],"about":[{"href":"https:\/\/sunandgolfproperties.com\/fr\/wp-json\/wp\/v2\/types\/page"}],"author":[{"embeddable":true,"href":"https:\/\/sunandgolfproperties.com\/fr\/wp-json\/wp\/v2\/users\/1"}],"replies":[{"embeddable":true,"href":"https:\/\/sunandgolfproperties.com\/fr\/wp-json\/wp\/v2\/comments?post=1535"}],"version-history":[{"count":9,"href":"https:\/\/sunandgolfproperties.com\/fr\/wp-json\/wp\/v2\/pages\/1535\/revisions"}],"predecessor-version":[{"id":6987,"href":"https:\/\/sunandgolfproperties.com\/fr\/wp-json\/wp\/v2\/pages\/1535\/revisions\/6987"}],"wp:attachment":[{"href":"https:\/\/sunandgolfproperties.com\/fr\/wp-json\/wp\/v2\/media?parent=1535"}],"curies":[{"name":"wp","href":"https:\/\/api.w.org\/{rel}","templated":true}]}}