{"id":1363,"date":"2019-05-15T14:31:09","date_gmt":"2019-05-15T14:31:09","guid":{"rendered":"https:\/\/sunandgolfproperties.com\/politique-de-confidentialite-et-cookies\/"},"modified":"2025-10-04T23:10:21","modified_gmt":"2025-10-04T21:10:21","slug":"politique-de-confidentialite-et-cookies","status":"publish","type":"page","link":"https:\/\/sunandgolfproperties.com\/fr\/politique-de-confidentialite-et-cookies\/","title":{"rendered":"Politique de confidentialit\u00e9 et cookies"},"content":{"rendered":"<p>[et_pb_section fb_built=\u00a0\u00bb1&Prime; fullwidth=\u00a0\u00bbon\u00a0\u00bb _builder_version=\u00a0\u00bb3.22.7&Prime;][et_pb_fullwidth_post_title _builder_version=\u00a0\u00bb3.22.7&Prime; title_font=\u00a0\u00bb||||||||\u00a0\u00bb title_text_align=\u00a0\u00bbcenter\u00a0\u00bb title_text_shadow_style=\u00a0\u00bbpreset1&Prime; background_image=\u00a0\u00bbhttps:\/\/sunandgolfproperties.com\/wp-content\/uploads\/2019\/05\/golf.jpg\u00a0\u00bb][\/et_pb_fullwidth_post_title][\/et_pb_section][et_pb_section fb_built=\u00a0\u00bb1&Prime; admin_label=\u00a0\u00bbsection\u00a0\u00bb _builder_version=\u00a0\u00bb3.22.3&Prime;][et_pb_row background_position_1=\u00a0\u00bbtop_left\u00a0\u00bb background_repeat_1=\u00a0\u00bbno-repeat\u00a0\u00bb _builder_version=\u00a0\u00bb3.22.3&Prime; custom_width_px=\u00a0\u00bb710px\u00a0\u00bb locked=\u00a0\u00bboff\u00a0\u00bb][et_pb_column type=\u00a0\u00bb4_4&Prime; _builder_version=\u00a0\u00bb3.0.47&Prime;][et_pb_divider divider_weight=\u00a0\u00bb3px\u00a0\u00bb disabled_on=\u00a0\u00bboff|off|off\u00a0\u00bb _builder_version=\u00a0\u00bb3.22.7&Prime; background_color_gradient_direction=\u00a0\u00bb90deg\u00a0\u00bb max_width=\u00a0\u00bb100px\u00a0\u00bb module_alignment=\u00a0\u00bbcenter\u00a0\u00bb height=\u00a0\u00bb5px\u00a0\u00bb custom_margin=\u00a0\u00bb||20px|\u00a0\u00bb custom_padding=\u00a0\u00bb||20px|\u00a0\u00bb animation_style=\u00a0\u00bbslide\u00a0\u00bb animation_direction=\u00a0\u00bbbottom\u00a0\u00bb saved_tabs=\u00a0\u00bball\u00a0\u00bb locked=\u00a0\u00bboff\u00a0\u00bb][\/et_pb_divider][et_pb_text _builder_version=\u00a0\u00bb3.22.7&Prime;]Introduction<\/p>\n<p>Ces r\u00e8gles r\u00e9gissent l&rsquo;utilisation du portail Internet \u00ab\u00a0www.sunandgolfproperties.com\u00a0\u00bb. (Sun And Golf Properties). L&rsquo;utilisation du Portail exprime l&rsquo;acceptation par l&rsquo;utilisateur de toutes et chacune des r\u00e8gles qui continuent, de sorte que l&rsquo;utilisateur vous devez les lire chaque fois que vous avez l&rsquo;intention d&rsquo;utiliser le portail.<\/p>\n<p>Sun And Golf Properties se r\u00e9serve le droit d&rsquo;effectuer sans pr\u00e9avis les modifications qu&rsquo;elle juge appropri\u00e9es dans la pr\u00e9sentation, la configuration, les services, les \u00e9l\u00e9ments, le contenu ou les conditions requises pour utiliser le Portail.<\/p>\n<p>Titularit\u00e9<\/p>\n<p>Tous les droits de propri\u00e9t\u00e9 industrielle et intellectuelle du Portail et de ses \u00e9l\u00e9ments et contenus, quel qu&rsquo;en soit le type, appartiennent \u00e0 Sun And Golf Properties ou, le cas \u00e9ch\u00e9ant, \u00e0 des tiers. L&rsquo;utilisateur pourra visualiser ces \u00e9l\u00e9ments et contenus et m\u00eame les imprimer, les copier et les stocker sur le disque dur de votre ordinateur ou sur tout autre support physique, \u00e0 condition que ce soit uniquement et exclusivement pour votre usage personnel et priv\u00e9, \u00e9tant, par cons\u00e9quent, strictement interdit. son utilisation \u00e0 des fins commerciales, sa distribution, ainsi que sa modification, alt\u00e9ration ou d\u00e9compilation.<\/p>\n<p>The user will use the elements or contents in a diligent, correct and lawful manner and, in particular, undertakes to refrain from:<\/p>\n<p>&#8211; Les utiliser d&rsquo;une mani\u00e8re, \u00e0 des fins ou effets contraires \u00e0 la loi, aux bonnes m\u0153urs et aux bonnes m\u0153urs ou \u00e0 l&rsquo;ordre public g\u00e9n\u00e9ralement admis.<\/p>\n<p>&#8211; Reproduire, transformer, modifier, distribuer ou permettre l&rsquo;acc\u00e8s public par toute forme de communication publique, \u00e0 moins d&rsquo;y \u00eatre autoris\u00e9 par Sun And Golf Properties.<\/p>\n<p>&#8211; Supprimer, \u00e9luder ou manipuler le \u00ab\u00a0Copyright\u00a0\u00bb et autres donn\u00e9es identifiant les droits de Sun And Golf Properties ou de tiers incorpor\u00e9s dans les \u00e9l\u00e9ments.<\/p>\n<p>Acc\u00e8s au portail<\/p>\n<p>L&rsquo;acc\u00e8s au Portail est gratuit, mais Sun And Golf Properties r\u00e9serve certains des Services offerts par le Portail aux utilisateurs enregistr\u00e9s de Sun And Golf Properties. Toutefois, Sun And Golf Properties met certains Services \u00e0 la disposition des utilisateurs dont l&rsquo;utilisation n\u00e9cessite la cr\u00e9ation de dossiers suppl\u00e9mentaires par les utilisateurs. Dans les deux cas, vous acceptez d&rsquo;utiliser et de conserver votre nom d&rsquo;utilisateur et votre mot de passe (ci-apr\u00e8s et conjointement avec les \u00ab\u00a0Clefs d&rsquo;acc\u00e8s\u00a0\u00bb) conform\u00e9ment aux points suivants :<\/p>\n<p>&#8211; Les cl\u00e9s d&rsquo;acc\u00e8s seront attribu\u00e9es automatiquement par Sun And Golf Properties. L&rsquo;attribution des cl\u00e9s d&rsquo;acc\u00e8s se fait automatiquement et le seul crit\u00e8re utilis\u00e9 \u00e0 cet effet est la non-existence de cl\u00e9s d&rsquo;acc\u00e8s ant\u00e9rieures identiques \u00e0 celles choisies par l&rsquo;utilisateur.<\/p>\n<p>&#8211; L&rsquo;utilisateur s&rsquo;engage \u00e0 faire un usage diligent des Codes d&rsquo;acc\u00e8s, ainsi qu&rsquo;\u00e0 ne pas mettre leurs Codes d&rsquo;acc\u00e8s \u00e0 la disposition de tiers.<\/p>\n<p>&#8211; L&rsquo;utilisateur s&rsquo;engage \u00e0 informer Sun And Golf Properties dans les meilleurs d\u00e9lais de la perte ou du vol des Codes d&rsquo;Acc\u00e8s ainsi que de tout risque d&rsquo;acc\u00e8s par un tiers.<\/p>\n<p>UTILISATION<\/p>\n<p>L&rsquo;utilisateur s&rsquo;engage \u00e0 faire un usage appropri\u00e9 des contenus et des services offerts sur ce Portail et \u00e0 ne pas les utiliser pour :<\/p>\n<p>&#8211; se livrer \u00e0 des activit\u00e9s ill\u00e9gales, ill\u00e9gales ou contraires \u00e0 la bonne foi et \u00e0 l&rsquo;ordre public.<\/p>\n<p>&#8211; diffuser du contenu ou de la propagande raciste, x\u00e9nophobe, pornographique-ill\u00e9gal, apologie du terrorisme ou menace aux droits de l&rsquo;homme<\/p>\n<p>&#8211; causer des dommages aux syst\u00e8mes physiques et logiques de Propri\u00e9t\u00e9s Sun And Golf, de ses fournisseurs ou de tiers, introduire ou propager des virus informatiques sur le r\u00e9seau ou tout autre syst\u00e8me physique ou logique susceptible de causer des dommages mentionn\u00e9s pr\u00e9c\u00e9demment<\/p>\n<p>&#8211; tenter d&rsquo;acc\u00e9der et, le cas \u00e9ch\u00e9ant, d&rsquo;utiliser les comptes de courrier \u00e9lectronique d&rsquo;autres utilisateurs ou services personnels et modifier ou manipuler leurs messages ou contenus<\/p>\n<p>&#8211; le pollupostage ou l&rsquo;envoi de courriels non sollicit\u00e9s par l&rsquo;entremise de ce portail<\/p>\n<p>&#8211; faire toute autre utilisation qui, de quelque mani\u00e8re que ce soit, pourrait endommager, d\u00e9sactiver, surcharger ou alt\u00e9rer le Portail ou les services ou emp\u00eacher l&rsquo;utilisation ou la jouissance normale du Portail ou des services par les utilisateurs.<\/p>\n<p>Sun And Golf Properties n&rsquo;a aucune obligation de contr\u00f4ler et ne contr\u00f4le pas l&rsquo;utilisation que les utilisateurs font du Portail, des services et du contenu. Sun And Golf Properties exclut toute responsabilit\u00e9 pour les dommages de toute nature qui pourraient \u00eatre dus \u00e0 l&rsquo;utilisation du Portail. l&rsquo;utilisation des services et du contenu par les utilisateurs.<\/p>\n<p>L&rsquo;utilisateur sera responsable de toute infraction qui pourrait \u00eatre commise ou de tout dommage caus\u00e9 par son utilisation, exon\u00e9rant Sun And Golf Properties de toute responsabilit\u00e9 et assumant tous les frais qui pourraient \u00eatre engag\u00e9s par Sun And Golf Properties pour les r\u00e9clamations de tiers.<\/p>\n<p>Liens, Hyperliens et MetaTags<\/p>\n<p>Ce Portail met \u00e0 la disposition des utilisateurs des dispositifs de liens techniques (liens, banni\u00e8res, boutons), des r\u00e9pertoires et des outils de recherche qui permettent aux utilisateurs d&rsquo;acc\u00e9der \u00e0 des sites Web appartenant \u00e0 des tiers. Ces liens sont les suivants Sun And Golf Properties, ne devient pas un \u00e9diteur d&rsquo;un tel contenu et ne le contr\u00f4le pas, ne l&rsquo;approuve pas, ne le surveille pas et ne le fait pas lui-m\u00eame. L&rsquo;utilisateur doit donc faire preuve d&rsquo;une extr\u00eame prudence dans l&rsquo;\u00e9valuation et l&rsquo;utilisation des informations, contenus et services disponibles sur les sites li\u00e9s. Sun And Golf Properties n&rsquo;assume aucune responsabilit\u00e9 pour tout dommage de quelque nature que ce soit pouvant r\u00e9sulter de l&rsquo;utilisation de ces informations, contenus ou services. de la qualit\u00e9, fiabilit\u00e9, exactitude, exactitude, fonctionnement, disponibilit\u00e9, accessibilit\u00e9, continuit\u00e9, l\u00e9galit\u00e9, utilit\u00e9 ou tout autre aspect des informations et services desdits contenus.<\/p>\n<p>L&rsquo;utilisation des marques ou noms de Sun And Golf Properties pour l&rsquo;optimisation des moteurs de recherche est interdite, \u00e0 la fois en les incorporant dans le code des pages web et en les incorporant dans les mots cl\u00e9s des pages web. banni\u00e8res.<\/p>\n<p>Tout tiers qui a l&rsquo;intention de cr\u00e9er un hyperlien ou un hyperlien vers ce Portail doit obtenir l&rsquo;autorisation pr\u00e9alable de Sun And Golf Properties. Dans tous les cas, l&rsquo;\u00e9tablissement de l&rsquo;Hyperlien n&rsquo;implique pas l&rsquo;existence de relations entre Sun And Golf Properties et le propri\u00e9taire du site Web \u00e0 partir duquel vous vous trouvez.<\/p>\n<p>Exclusions de responsabilit\u00e9 et garanties<br \/>\nSun And Golf Properties ne garantit pas :<\/p>\n<p>&#8211; La disponibilit\u00e9 et la continuit\u00e9 du fonctionnement du Portail et des services.<\/p>\n<p>&#8211; Confidentialit\u00e9 et s\u00e9curit\u00e9 dans l&rsquo;utilisation du Portail et des Services.<\/p>\n<p>\u2013 That unauthorized third parties may not have knowledge of the type, conditions, characteristics and circumstances of the use that users make of the Portal and the services.<\/p>\n<p>&#8211; L&rsquo;absence de virus ou d&rsquo;autres \u00e9l\u00e9ments dans le Portail qui pourraient causer des alt\u00e9rations dans votre syst\u00e8me informatique, excluant toute responsabilit\u00e9 pour les dommages de toute nature qui pourraient \u00eatre dus \u00e0 un tel manque de disponibilit\u00e9.<\/p>\n<p>&#8211; La l\u00e9galit\u00e9, la fiabilit\u00e9 et l&rsquo;utilit\u00e9 des \u00e9l\u00e9ments et des contenus.<\/p>\n<p>Sun And Golf Properties exclut toute responsabilit\u00e9 pouvant d\u00e9couler de telles circonstances.<\/p>\n<p>Retrait de l&rsquo;acc\u00e8s<\/p>\n<p>Sun And Golf Properties se r\u00e9serve le droit de refuser ou de retirer l&rsquo;acc\u00e8s au Portail et\/ou aux Services, \u00e0 tout moment et sans pr\u00e9avis aux utilisateurs qui ne respecteraient pas ces r\u00e8gles.<\/p>\n<p>Informations sur les aspects techniques<\/p>\n<p>Sun And Golf Properties, propri\u00e9taire de ce site Web, obtient et conserve uniquement les renseignements suivants sur les visiteurs de notre site Web :<\/p>\n<p>Adresse IP qui leur donne acc\u00e8s au r\u00e9seau, en tout \u00e9tat de cause de mani\u00e8re anonyme. De cette fa\u00e7on, nous pouvons compiler des statistiques sur les serveurs qui visitent notre site Web le plus fr\u00e9quemment. Le nombre de visiteurs quotidiens dans chaque section. Cela nous permet de conna\u00eetre les domaines les plus r\u00e9ussis et d&rsquo;augmenter et d&rsquo;am\u00e9liorer leur contenu, afin que les utilisateurs obtiennent un r\u00e9sultat plus satisfaisant. Pour obtenir ces informations, nous utilisons l&rsquo;outil Google Analytics.<\/p>\n<p>Les informations obtenues par ces m\u00e9canismes techniques sont totalement anonymes et ne peuvent en aucun cas \u00eatre associ\u00e9es \u00e0 un utilisateur sp\u00e9cifique et identifi\u00e9.<\/p>\n<p>Informations sur les cookies<\/p>\n<p>The types of cookies we use:<br \/>\nCookies strictly necessary: These cookies are necessary for the proper use of the website, allowing access to sections that have security filters. Without these cookies, many of the available services would not be operational.<\/p>\n<p><strong>Navigational cookies:<\/strong>\u00a0These cookies collect information about the use that visitors make of the website, for example, pages viewed, loading errors &#8230; It is generic and anonymous information which does not include personal data or collect information. to identify visitors, the ultimate goal being to improve the functioning of the website. By visiting our website, you accept the installation of these cookies on your device.<\/p>\n<p><strong>Functional Cookies:<\/strong>\u00a0These cookies allow you to remember information (such as your user name, language, or region in which you are located) and more personal characteristics.<\/p>\n<p>Vous pouvez trouver plus d&rsquo;informations \u00e0 ce sujet et d\u00e9sactiver l&rsquo;utilisation de ces cookies sur www.google.es\/intel\/es\/analytics\/privacyoverview.html.<\/p>\n<p>Par le biais de l&rsquo;analyse Web, des informations sont obtenues concernant le nombre d&rsquo;utilisateurs qui acc\u00e8dent au Web, donc, sur la page d&rsquo;accueil, vous avez la possibilit\u00e9 de donner ou non votre consentement concernant les cookies utilis\u00e9s par ce site. Dans Si vous acceptez ces cookies, cet avis ne s&rsquo;affichera plus lorsque vous acc\u00e9dez \u00e0 une page du portail pendant cette session.<\/p>\n<p>Ce site Web n&rsquo;est pas responsable du contenu ou de la v\u00e9racit\u00e9 des politiques de confidentialit\u00e9 qui peuvent avoir des tiers mentionn\u00e9s dans cette politique de cookies.<\/p>\n<p>Les navigateurs Web sont les outils responsables de l&rsquo;enregistrement des cookies et \u00e0 partir de l\u00e0, vous devez exercer votre droit de les supprimer ou de les d\u00e9sactiver.<\/p>\n<p>&nbsp;<\/p>\n<p>&nbsp;<\/p>\n<p>&nbsp;<\/p>\n<p>&nbsp;<\/p>\n<p>&nbsp;<\/p>\n<p>&nbsp;<\/p>\n<p>&nbsp;<\/p>\n<p>&nbsp;<\/p>\n<p>La demande d&rsquo;information sur certains services implique l&rsquo;obtention de donn\u00e9es personnelles. Les informations l\u00e9gales correspondant \u00e0 la collecte de donn\u00e9es personnelles se trouvent dans la Politique de confidentialit\u00e9.[\/et_pb_text][et_pb_text _builder_version=\u00a0\u00bb3.22.7&Prime;]<\/p>\n<p>Renseignements g\u00e9n\u00e9raux<\/p>\n<p>Conform\u00e9ment aux dispositions de l&rsquo;article 10 de la loi 34\/2002 du 11 juillet, Services de la soci\u00e9t\u00e9 de l&rsquo;information et du commerce \u00e9lectronique, est mis \u00e0 la disposition des utilisateurs des informations g\u00e9n\u00e9rales concernant Sun And Golf Properties :<\/p>\n<p>Sunandgolfproperties.com<\/p>\n<h4><strong>Social and legal address:<\/strong><\/h4>\n<p>Sun And Golf Properties, SALADILLO ED. ALTAIR, 0 217, 29680, ESTEPONA<\/p>\n<p>Droit et juridiction comp\u00e9tente<\/p>\n<p>Les lois du Royaume d&rsquo;Espagne sont applicables. L&rsquo;interpr\u00e9tation des r\u00e8gles est confi\u00e9e aux tribunaux de Madrid Capital.<\/p>\n<p>Avertissements<\/p>\n<p>Si un tiers estime qu&rsquo;il existe des faits ou des circonstances illicites ou susceptibles d&rsquo;\u00eatre consid\u00e9r\u00e9s comme illicites, veuillez en informer la personne suivante par courrier \u00e9lectronique :<\/p>\n<p>info@sunandgolfproperties.com Saison 2 \u00c9pisode 3 &#8211; \u00c9pisode 4<br \/>politique de respect de la vie priv\u00e9e<\/p>\n<p>Clause de protection des donn\u00e9es personnelles<\/p>\n<p>Conform\u00e9ment aux dispositions de la loi 15\/1999 du 13 D\u00e9cembre sur la protection des donn\u00e9es personnelles, Sun And Golf Properties, demande votre autorisation pour effectuer le traitement de vos donn\u00e9es, laissant le Client \/ Utilisateur inform\u00e9 de l&rsquo;incorporation de vos donn\u00e9es aux fichiers automatis\u00e9s existants chez Sun And Golf Properties.<\/p>\n<p>En outre, vous \u00eates inform\u00e9 du traitement automatis\u00e9 auquel toutes les donn\u00e9es vous concernant auxquelles la Soci\u00e9t\u00e9 a acc\u00e8s \u00e0 la suite de votre navigation sur les pages web des Propri\u00e9t\u00e9s Sun And Golf seront soumises \u00e0 la suite de la consultation, demande ou contrat. de tout service ou produit, ou de toute transaction ou op\u00e9ration effectu\u00e9e, dans le but de commercialiser nos services, maintenir vos relations contractuelles et g\u00e9rer nos propri\u00e9t\u00e9s Sun And Golf, et pour adapter nos offres commerciales \u00e0 votre profil particulier. Le Client\/Utilisateur a le droit de s&rsquo;opposer au traitement de ses donn\u00e9es qui ne sont pas indispensables \u00e0 la conclusion du contrat et \u00e0 son utilisation \u00e0 d&rsquo;autres fins. du maintien de votre relation contractuelle, \u00e9tant facultatif les r\u00e9ponses que vous pourriez donner aux questions qui vous sont pos\u00e9es hors contrat.<\/p>\n<p>Le Client\/Utilisateur accepte que ses donn\u00e9es puissent \u00eatre c\u00e9d\u00e9es, exclusivement aux fins vis\u00e9es \u00e0 l&rsquo;alin\u00e9a pr\u00e9c\u00e9dent, \u00e0 des soci\u00e9t\u00e9s dans lesquelles Sun And Golf Properties d\u00e9tient une participation, ou \u00e0 d&rsquo;autres soci\u00e9t\u00e9s avec lesquelles Sun And Golf Properties conclut des accords de collaboration. De m\u00eame, le client\/utilisateur accepte que Sun And Golf Properties ou ses filiales et soci\u00e9t\u00e9s \u00e9mettrices lui transmettent des renseignements sur tout bien ou service qu&rsquo;elles commercialisent. L&rsquo;acceptation du Client\/Utilisateur pour que ses donn\u00e9es soient trait\u00e9es ou transf\u00e9r\u00e9es de la mani\u00e8re \u00e9tablie dans ce paragraphe, est toujours r\u00e9vocable, sans effet r\u00e9troactif, conform\u00e9ment aux dispositions des articles 6 et 11 de la loi organique 15\/1999.<\/p>\n<p>Les mouvements effectu\u00e9s \u00e0 travers tous les types de m\u00e9dias interactifs par le Client \/ Utilisateur dans les pages Web appartenant \u00e0 Sun And Golf Properties. seront enregistr\u00e9s dans un fichier informatique et trait\u00e9s avec les m\u00eames fins d\u00e9crites dans les paragraphes ci-dessus. Ce fichier de mouvements permet \u00e0 Propri\u00e9t\u00e9s Sun And Golf de localiser les incidents et les probl\u00e8mes qui peuvent survenir, de les r\u00e9soudre le plus rapidement possible et de continuer \u00e0 offrir au Client\/Utilisateur les services demand\u00e9s et d&rsquo;autres qui peuvent int\u00e9resser les Propri\u00e9t\u00e9s Sun And Golf. votre int\u00e9r\u00eat, sans qu&rsquo;il vous soit n\u00e9cessaire, une fois inscrit pour la premi\u00e8re fois, de vous inscrire \u00e0 chaque visite afin d&rsquo;acc\u00e9der aux espaces et services qui vous sont r\u00e9serv\u00e9s, mais sans, en aucun cas, que ces fichiers fournissent vos nom et pr\u00e9nom. du Client\/Utilisateur, ni permettent de lire les donn\u00e9es de leur disque dur, ni les \u00e9ventuels fichiers informatiques cr\u00e9\u00e9s par d&rsquo;autres fournisseurs.<\/p>\n<p>Le Client \/ Utilisateur est \u00e9galement inform\u00e9 de la possibilit\u00e9 d&rsquo;exercer les droits d&rsquo;acc\u00e8s, de rectification, d&rsquo;annulation, dans les conditions pr\u00e9vues par la l\u00e9gislation en vigueur, en pouvant utiliser l&rsquo;un des canaux de communication \u00e0 cet effet. de Sun And Golf Properties, soit en contactant l&rsquo;un de nos bureaux situ\u00e9s \u00e0 SALADILLO ED. ALTAIR, 0 217, 29680, ESTEPONA, ou par courriel info@sunandgolfproperties.com .<\/p>\n<p>La propri\u00e9t\u00e9 des fichiers de donn\u00e9es personnelles correspond \u00e0 Sun And Golf Properties, si\u00e8ge social et adresse l\u00e9gale : Sun And Golf Properties SALADILLO ED. ALTAIR, 0 217, 29680, ESTEPONA. Enfin, nous vous informons que les fichiers Sun And Golf Properties o\u00f9 ils se trouvent Toutes vos donn\u00e9es sont stock\u00e9es dans le respect de toutes les mesures de s\u00e9curit\u00e9 qui garantissent la confidentialit\u00e9 et la s\u00e9curit\u00e9 du traitement de vos donn\u00e9es, c&rsquo;est pourquoi nous garantissons la s\u00e9curit\u00e9 absolue des informations que vous nous fournissez. Le Client\/Utilisateur est responsable de la v\u00e9racit\u00e9 des donn\u00e9es fournies, Sun And Golf Properties se r\u00e9serve le droit de les exclure si elle constate qu&rsquo;elles sont fausses.<\/p>\n<p>Envoi d&rsquo;e-mail, de fax ou d&rsquo;autres moyens de communication<br \/>Le Client\/Utilisateur donne son plein consentement \u00e0 Sun And Golf Properties pour proc\u00e9der \u00e0 l&rsquo;envoi de communications commerciales, publicitaires et promotionnelles au Client par e-mail, fax ou autre moyen de communication \u00e9lectronique \u00e9quivalent, afin que les donn\u00e9es les concernant soient utilis\u00e9es pour effectuer de telles communications, et ce sous la protection des dispositions de la Loi 34\/2002 du 11 juillet, Services de la Soci\u00e9t\u00e9 de l&rsquo;Information et Commerce \u00e9lectronique, et Loi 32\/2003 du 3 novembre, T\u00e9l\u00e9communications g\u00e9n\u00e9rales. Toutefois, nous vous informons que vous pouvez r\u00e9voquer votre consentement dans chaque communication commerciale ou publicitaire que vous recevez, et dans n&rsquo;importe lequel des moments suivants, par le biais d&rsquo;une notification \u00e0 l&rsquo;adresse sociale de la soci\u00e9t\u00e9 Sun And Golf Properties, SALADILLO ED. ALTAIR, 0 217, 29680, ESTEPONA ou par courrier \u00e9lectronique<\/p>\n<p>info@sunandgolfproperties.com<\/p>\n<p>intimit\u00e9<\/p>\n<p>Sun And Golf Properties s&rsquo;engage \u00e0 prot\u00e9ger les renseignements confidentiels auxquels elle a acc\u00e8s de la m\u00eame fa\u00e7on qu&rsquo;elle prot\u00e8ge ses propres renseignements de nature similaire.<\/p>\n<p>Sun And Golf Properties n&rsquo;utilisera en aucun cas les donn\u00e9es mises \u00e0 disposition par le Client \/ Utilisateur pour fournir des services \u00e0 des tiers ou pour atteindre une utilit\u00e9 propre, mais seulement pour fournir au Client \/ Utilisateur les services demand\u00e9s.<\/p>\n<p>Sun And Golf Properties will use the data provided by the Customer\/User by virtue of what is indicated in the Service for the sole and exclusive purposes of the proper execution of the object of said Service. Not applying or using these for purposes other than those that appear in this Service.<\/p>\n<p>POLITIQUE DE PROTECTION DE LA VIE PRIV\u00c9E<\/p>\n<p>En ce qui concerne le respect de la loi sur la protection des donn\u00e9es, nous vous informons que les donn\u00e9es personnelles fournies par vous dans l&rsquo;un des formulaires inclus sur ce site sont inclus dans les fichiers informatiques de propri\u00e9t\u00e9 et de responsabilit\u00e9. de Sun And Golf Properties, adresse enregistr\u00e9e et l\u00e9gale : SALADILLO ED. ALTAIR, 0 217, 29680, ESTEPONA et seront trait\u00e9s par des m\u00e9thodes automatis\u00e9es dans le seul but de rendre possible la gestion administrative de nos relations commerciales, et\/ou de permettre l&rsquo;ex\u00e9cution des services expliqu\u00e9s dans ce site.<\/p>\n<p>Vous pouvez exercer vos droits d&rsquo;acc\u00e8s, de rectification, d&rsquo;annulation et d&rsquo;opposition accord\u00e9s par la loi 15\/1999 en vigueur sur la protection des donn\u00e9es, simplement en le notifiant par courrier, fax ou e-mail \u00e0 tout moment par communication \u00e9crite \u00e0 :<\/p>\n<p>info@sunandgolfproperties.com<\/p>\n<p><strong>FAVORIS<br \/>En remplissant le formulaire \u00ab\u00a0Envoyer \u00e0 un ami\u00a0\u00bb dans la section Favoris de notre site Web, l&rsquo;utilisateur accepte les r\u00e8gles selon lesquelles Sun And Golf Properties utilisera ses donn\u00e9es et celles du destinataire \u00e0 des fins commerciales.\u00a0<\/strong><\/p>\n<p>INFORMATION L\u00c9GALE<\/p>\n<p>Conform\u00e9ment aux dispositions de l&rsquo;article 10 de la loi 34\/2002, Services de la soci\u00e9t\u00e9 de l&rsquo;information et du commerce \u00e9lectronique, nous informons tous nos clients, utilisateurs et visiteurs des informations juridiques relatives \u00e0 l&rsquo;entreprise. propri\u00e9taire du site Internet situ\u00e9 \u00e0 l&rsquo;adresse Internet : info@sunandgolfproperties.com<\/p>\n<p>Sun And Golf Properties, www.sunandgolfproperties.com, \u00e0 Marbella, Espagne<\/p>\n<p>&nbsp;<\/p>\n<p>&nbsp;<\/p>\n<p>&nbsp;<\/p>\n<p>[\/et_pb_text][\/et_pb_column][\/et_pb_row][\/et_pb_section]<\/p>\n","protected":false},"excerpt":{"rendered":"<p>Introduction Ces r\u00e8gles r\u00e9gissent l&rsquo;utilisation du portail Internet \u00ab\u00a0www.sunandgolfproperties.com\u00a0\u00bb. (Sun And Golf Properties). L&rsquo;utilisation du Portail exprime l&rsquo;acceptation par l&rsquo;utilisateur de toutes et chacune des r\u00e8gles qui continuent, de sorte que l&rsquo;utilisateur vous devez les lire chaque fois que vous avez l&rsquo;intention d&rsquo;utiliser le portail. Sun And Golf Properties se r\u00e9serve le droit d&rsquo;effectuer sans [&hellip;]<\/p>\n","protected":false},"author":1,"featured_media":0,"parent":0,"menu_order":0,"comment_status":"closed","ping_status":"closed","template":"","meta":{"_et_pb_use_builder":"on","_et_pb_old_content":"","_et_gb_content_width":"","footnotes":""},"class_list":["post-1363","page","type-page","status-publish","hentry"],"_links":{"self":[{"href":"https:\/\/sunandgolfproperties.com\/fr\/wp-json\/wp\/v2\/pages\/1363","targetHints":{"allow":["GET"]}}],"collection":[{"href":"https:\/\/sunandgolfproperties.com\/fr\/wp-json\/wp\/v2\/pages"}],"about":[{"href":"https:\/\/sunandgolfproperties.com\/fr\/wp-json\/wp\/v2\/types\/page"}],"author":[{"embeddable":true,"href":"https:\/\/sunandgolfproperties.com\/fr\/wp-json\/wp\/v2\/users\/1"}],"replies":[{"embeddable":true,"href":"https:\/\/sunandgolfproperties.com\/fr\/wp-json\/wp\/v2\/comments?post=1363"}],"version-history":[{"count":3,"href":"https:\/\/sunandgolfproperties.com\/fr\/wp-json\/wp\/v2\/pages\/1363\/revisions"}],"predecessor-version":[{"id":8828,"href":"https:\/\/sunandgolfproperties.com\/fr\/wp-json\/wp\/v2\/pages\/1363\/revisions\/8828"}],"wp:attachment":[{"href":"https:\/\/sunandgolfproperties.com\/fr\/wp-json\/wp\/v2\/media?parent=1363"}],"curies":[{"name":"wp","href":"https:\/\/api.w.org\/{rel}","templated":true}]}}