{"id":1543,"date":"2019-05-16T13:30:59","date_gmt":"2019-05-16T13:30:59","guid":{"rendered":"https:\/\/sunandgolfproperties.com\/?page_id=1543"},"modified":"2020-07-02T12:50:58","modified_gmt":"2020-07-02T12:50:58","slug":"la-cala-de-mijas","status":"publish","type":"page","link":"https:\/\/sunandgolfproperties.com\/en\/la-cala-de-mijas\/","title":{"rendered":"La Cala de Mijas"},"content":{"rendered":"<p>[et_pb_section fb_built=&#8221;1&#8243; fullwidth=&#8221;on&#8221; _builder_version=&#8221;3.22.7&#8243; locked=&#8221;off&#8221;][et_pb_fullwidth_header title=&#8221;AREA GUIDES&#8221; _builder_version=&#8221;3.22.7&#8243; title_font=&#8221;||||||||&#8221; title_text_align=&#8221;center&#8221; title_text_shadow_style=&#8221;preset1&#8243; background_image=&#8221;https:\/\/sunandgolfproperties.com\/wp-content\/uploads\/2019\/05\/golf.jpg&#8221;][\/et_pb_fullwidth_header][\/et_pb_section][et_pb_section fb_built=&#8221;1&#8243; _builder_version=&#8221;3.22.7&#8243;][et_pb_row background_position_1=&#8221;top_left&#8221; background_repeat_1=&#8221;no-repeat&#8221; _builder_version=&#8221;3.22.3&#8243; custom_width_px=&#8221;710px&#8221; locked=&#8221;off&#8221;][et_pb_column type=&#8221;4_4&#8243; _builder_version=&#8221;3.0.47&#8243;][et_pb_divider color=&#8221;#80006f&#8221; divider_weight=&#8221;3px&#8221; disabled_on=&#8221;off|off|off&#8221; _builder_version=&#8221;3.22.7&#8243; background_color_gradient_direction=&#8221;90deg&#8221; max_width=&#8221;100px&#8221; module_alignment=&#8221;center&#8221; height=&#8221;5px&#8221; custom_margin=&#8221;||20px|&#8221; custom_padding=&#8221;||20px|&#8221; animation_style=&#8221;slide&#8221; animation_direction=&#8221;bottom&#8221; saved_tabs=&#8221;all&#8221; locked=&#8221;off&#8221;][\/et_pb_divider][et_pb_text admin_label=&#8221;Contact Section Title&#8221; _builder_version=&#8221;3.22.7&#8243; header_font=&#8221;Montserrat||||&#8221; header_text_color=&#8221;#1f1f1f&#8221; header_font_size=&#8221;36px&#8221; text_orientation=&#8221;center&#8221; max_width=&#8221;710px&#8221; module_alignment=&#8221;center&#8221; animation_style=&#8221;fold&#8221; animation_direction=&#8221;bottom&#8221; animation_intensity_fold=&#8221;20%&#8221; header_2_font=&#8221;||||||||&#8221; header_2_font_size=&#8221;36px&#8221;]<\/p>\n<h2>La Cala de Mijas<\/h2>\n<p>[\/et_pb_text][et_pb_text admin_label=&#8221;Contact Section Subtitle&#8221; _builder_version=&#8221;3.22.7&#8243; text_font_size=&#8221;16px&#8221; text_line_height=&#8221;1.9em&#8221; text_orientation=&#8221;center&#8221; max_width=&#8221;710px&#8221; module_alignment=&#8221;center&#8221; animation_style=&#8221;fold&#8221; animation_direction=&#8221;bottom&#8221; animation_intensity_fold=&#8221;20%&#8221;]<\/p>\n<div id=\"p104991013144111813\" class=\"Text Element\">\n<div class=\"SEOElement\">\n<div class=\"contentContainer Size\">\n<div id=\"p104991013144111813_absfill\" class=\"absoluteFill\">\n<div class=\"elementBorder BoxStyle\">\n<div class=\"elementContainer ContainerStyle\">\n<div class=\"ViewportRealm break_320 break_480 break_768 break_992 break_1200\">\u00a0<\/div>\n<\/div>\n<\/div>\n<\/div>\n<\/div>\n<\/div>\n<\/div>\n<div id=\"p118401110110111177\" class=\"Text Element\">\n<div class=\"SEOElement\">\n<div class=\"contentContainer Size\">\n<div id=\"p118401110110111177_absfill\" class=\"absoluteFill\">\n<div class=\"elementBorder BoxStyle\">\n<div class=\"elementContainer ContainerStyle\">\n<div class=\"ViewportRealm break_320 break_480 break_768 break_992 break_1200\">\n<p class=\"lead mt-5\">La Cala de Mijas is one of the original fishing villages situated on the Costa del Sol, in the province of Malaga. A charming village with a restored Moorish tower, a friendly village atmosphere and lots of appeal.<\/p>\n<p>Located between the towns of Fuengirola and Marbella, close to popular urbanization of Calahonda, La Cala de Mijas is a very popular town with many good restaurants, shops, chemist and beach-front bars. Malaga International Airport is just 20 minutes drive away.<\/p>\n<\/div>\n<\/div>\n<\/div>\n<\/div>\n<\/div>\n<\/div>\n<\/div>\n<p>[\/et_pb_text][\/et_pb_column][\/et_pb_row][\/et_pb_section][et_pb_section fb_built=&#8221;1&#8243; fullwidth=&#8221;on&#8221; _builder_version=&#8221;3.22.7&#8243;][et_pb_fullwidth_image src=&#8221;https:\/\/sunandgolfproperties.com\/wp-content\/uploads\/2019\/06\/bigstock-La-Cala-De-Mijas-Spain-April-302048767-Grande.jpg&#8221; _builder_version=&#8221;3.22.7&#8243;][\/et_pb_fullwidth_image][\/et_pb_section][et_pb_section fb_built=&#8221;1&#8243; _builder_version=&#8221;3.22.7&#8243;][et_pb_row background_position_1=&#8221;top_left&#8221; background_repeat_1=&#8221;no-repeat&#8221; _builder_version=&#8221;3.22.3&#8243; custom_width_px=&#8221;710px&#8221; locked=&#8221;off&#8221;][et_pb_column type=&#8221;4_4&#8243; _builder_version=&#8221;3.0.47&#8243;][et_pb_text _builder_version=&#8221;3.22.7&#8243;]<\/p>\n<p>The town offers a nice, easy and paced life, not taken over completely by tourism, but with good facilities, a lovely golden sand beach and close to larger towns offering more action<\/p>\n<p>[\/et_pb_text][\/et_pb_column][\/et_pb_row][\/et_pb_section][et_pb_section fb_built=&#8221;1&#8243; fullwidth=&#8221;on&#8221; _builder_version=&#8221;3.22.7&#8243;][et_pb_fullwidth_image src=&#8221;https:\/\/sunandgolfproperties.com\/wp-content\/uploads\/2019\/06\/bigstock-La-Cala-De-Mijas-Spain-April-302048734-Grande.jpg&#8221; _builder_version=&#8221;3.22.7&#8243;][\/et_pb_fullwidth_image][\/et_pb_section][et_pb_section fb_built=&#8221;1&#8243; _builder_version=&#8221;3.22.7&#8243;][et_pb_row background_position_1=&#8221;top_left&#8221; background_repeat_1=&#8221;no-repeat&#8221; _builder_version=&#8221;3.22.3&#8243; custom_width_px=&#8221;710px&#8221; locked=&#8221;off&#8221;][et_pb_column type=&#8221;4_4&#8243; _builder_version=&#8221;3.0.47&#8243;][et_pb_text _builder_version=&#8221;3.22.7&#8243;]<\/p>\n<h3 class=\"mt-5\">La Cala Golf<\/h3>\n<p>The principal facilities include a luxury hotel, separate clubhouse and three 18-hole golf courses. It also comprises a Golf Academy in the country and has Europe\u2019s only high-tech TaylorMade Performance Lab as well as a testing par-3 layout. The complex has staged numerous important competitions such as the Ladies European Tour qualifying school and the Spanish Pairs final, won by Miguel \u00c1ngel Jim\u00e9nez and Andr\u00e9s Jim\u00e9nez.<\/p>\n<p>[\/et_pb_text][\/et_pb_column][\/et_pb_row][\/et_pb_section][et_pb_section fb_built=&#8221;1&#8243; fullwidth=&#8221;on&#8221; _builder_version=&#8221;3.22.7&#8243; custom_margin=&#8221;||10px&#8221;][et_pb_fullwidth_image src=&#8221;https:\/\/sunandgolfproperties.com\/wp-content\/uploads\/2019\/05\/campo-America-Tee1.jpg&#8221; _builder_version=&#8221;3.22.7&#8243;][\/et_pb_fullwidth_image][\/et_pb_section][et_pb_section fb_built=&#8221;1&#8243; _builder_version=&#8221;3.22.7&#8243;][et_pb_row _builder_version=&#8221;3.22.7&#8243;][et_pb_column type=&#8221;1_2&#8243; _builder_version=&#8221;3.22.7&#8243;][et_pb_text _builder_version=&#8221;3.22.7&#8243;]<\/p>\n<p>Clic the next button to\u00a0 view all properties from this area.<\/p>\n<p>[\/et_pb_text][\/et_pb_column][et_pb_column type=&#8221;1_2&#8243; _builder_version=&#8221;3.22.7&#8243;][et_pb_button button_url=&#8221;\/listing\/?fid=1&#038;Type=sale&#038;tipo=&#038;hidden-tipo=&#038;zona=La+Cala&#038;hidden-zona=la-cala&#038;num_hab=&#038;num_bath=&#038;views=&#038;orientation=&#038;min_precio=&#038;max_precio=&#038;Refid=&#038;lang=en&#038;idioma=en&#8221; button_text=&#8221;View Properties&#8221; _builder_version=&#8221;3.22.7&#8243;][\/et_pb_button][\/et_pb_column][\/et_pb_row][\/et_pb_section]<\/p>\n","protected":false},"excerpt":{"rendered":"<p>La Cala de Mijas \u00a0 La Cala de Mijas is one of the original fishing villages situated on the Costa del Sol, in the province of Malaga. A charming village with a restored Moorish tower, a friendly village atmosphere and lots of appeal. Located between the towns of Fuengirola and Marbella, close to popular urbanization [&hellip;]<\/p>\n","protected":false},"author":1,"featured_media":0,"parent":0,"menu_order":0,"comment_status":"closed","ping_status":"closed","template":"","meta":{"_et_pb_use_builder":"on","_et_pb_old_content":"","_et_gb_content_width":"","footnotes":""},"class_list":["post-1543","page","type-page","status-publish","hentry"],"_links":{"self":[{"href":"https:\/\/sunandgolfproperties.com\/en\/wp-json\/wp\/v2\/pages\/1543","targetHints":{"allow":["GET"]}}],"collection":[{"href":"https:\/\/sunandgolfproperties.com\/en\/wp-json\/wp\/v2\/pages"}],"about":[{"href":"https:\/\/sunandgolfproperties.com\/en\/wp-json\/wp\/v2\/types\/page"}],"author":[{"embeddable":true,"href":"https:\/\/sunandgolfproperties.com\/en\/wp-json\/wp\/v2\/users\/1"}],"replies":[{"embeddable":true,"href":"https:\/\/sunandgolfproperties.com\/en\/wp-json\/wp\/v2\/comments?post=1543"}],"version-history":[{"count":12,"href":"https:\/\/sunandgolfproperties.com\/en\/wp-json\/wp\/v2\/pages\/1543\/revisions"}],"predecessor-version":[{"id":7656,"href":"https:\/\/sunandgolfproperties.com\/en\/wp-json\/wp\/v2\/pages\/1543\/revisions\/7656"}],"wp:attachment":[{"href":"https:\/\/sunandgolfproperties.com\/en\/wp-json\/wp\/v2\/media?parent=1543"}],"curies":[{"name":"wp","href":"https:\/\/api.w.org\/{rel}","templated":true}]}}